{"id":141,"date":"2023-10-17T12:22:58","date_gmt":"2023-10-17T12:22:58","guid":{"rendered":"https:\/\/sztukapracyzenergia.pl\/?page_id=141"},"modified":"2025-04-26T09:18:20","modified_gmt":"2025-04-26T09:18:20","slug":"cennik","status":"publish","type":"page","link":"https:\/\/sztukapracyzenergia.pl\/?page_id=141","title":{"rendered":"Cennik"},"content":{"rendered":"\t\t<div data-elementor-type=\"wp-page\" data-elementor-id=\"141\" class=\"elementor elementor-141\" data-elementor-settings=\"{&quot;ha_cmc_init_switcher&quot;:&quot;no&quot;}\">\n\t\t\t\t<div class=\"elementor-element elementor-element-081daad e-flex e-con-boxed e-con e-parent\" data-id=\"081daad\" data-element_type=\"container\" data-settings=\"{&quot;_ha_eqh_enable&quot;:false}\">\n\t\t\t\t\t<div class=\"e-con-inner\">\n\t\t\t\t<div class=\"elementor-element elementor-element-a767bcd elementor-widget elementor-widget-image\" data-id=\"a767bcd\" data-element_type=\"widget\" data-widget_type=\"image.default\">\n\t\t\t\t<div class=\"elementor-widget-container\">\n\t\t\t\t\t\t\t\t\t\t\t\t\t<img fetchpriority=\"high\" decoding=\"async\" width=\"2245\" height=\"1587\" src=\"https:\/\/sztukapracyzenergia.pl\/wp-content\/uploads\/2025\/04\/Cennik-6.jpg\" class=\"attachment-full size-full wp-image-1632\" alt=\"\" srcset=\"https:\/\/sztukapracyzenergia.pl\/wp-content\/uploads\/2025\/04\/Cennik-6.jpg 2245w, https:\/\/sztukapracyzenergia.pl\/wp-content\/uploads\/2025\/04\/Cennik-6-300x212.jpg 300w, https:\/\/sztukapracyzenergia.pl\/wp-content\/uploads\/2025\/04\/Cennik-6-1024x724.jpg 1024w, https:\/\/sztukapracyzenergia.pl\/wp-content\/uploads\/2025\/04\/Cennik-6-768x543.jpg 768w, https:\/\/sztukapracyzenergia.pl\/wp-content\/uploads\/2025\/04\/Cennik-6-1536x1086.jpg 1536w, https:\/\/sztukapracyzenergia.pl\/wp-content\/uploads\/2025\/04\/Cennik-6-2048x1448.jpg 2048w\" sizes=\"(max-width: 2245px) 100vw, 2245px\" \/>\t\t\t\t\t\t\t\t\t\t\t\t\t<\/div>\n\t\t\t\t<\/div>\n\t\t\t\t\t<\/div>\n\t\t\t\t<\/div>\n\t\t<div class=\"elementor-element elementor-element-3fcbb3f e-flex e-con-boxed e-con e-parent\" data-id=\"3fcbb3f\" data-element_type=\"container\" data-settings=\"{&quot;_ha_eqh_enable&quot;:false}\">\n\t\t\t\t\t<div class=\"e-con-inner\">\n\t\t\t\t<div class=\"elementor-element elementor-element-9bf5d49 elementor-widget-divider--view-line elementor-widget elementor-widget-divider\" data-id=\"9bf5d49\" data-element_type=\"widget\" data-widget_type=\"divider.default\">\n\t\t\t\t<div class=\"elementor-widget-container\">\n\t\t\t\t\t<div class=\"elementor-divider\">\n\t\t\t<span class=\"elementor-divider-separator\">\n\t\t\t\t\t\t<\/span>\n\t\t<\/div>\n\t\t\t\t<\/div>\n\t\t\t\t<\/div>\n\t\t\t\t\t<\/div>\n\t\t\t\t<\/div>\n\t\t<div class=\"elementor-element elementor-element-be99fb6 e-con-full e-flex e-con e-parent\" data-id=\"be99fb6\" data-element_type=\"container\" data-settings=\"{&quot;_ha_eqh_enable&quot;:false}\">\n\t\t<div class=\"elementor-element elementor-element-b43f093 e-con-full e-flex e-con e-child\" data-id=\"b43f093\" data-element_type=\"container\" data-settings=\"{&quot;_ha_eqh_enable&quot;:false}\">\n\t\t\t\t<div class=\"elementor-element elementor-element-9f0f879 elementor-view-default elementor-widget elementor-widget-icon\" data-id=\"9f0f879\" data-element_type=\"widget\" data-widget_type=\"icon.default\">\n\t\t\t\t<div class=\"elementor-widget-container\">\n\t\t\t\t\t<div class=\"elementor-icon-wrapper\">\n\t\t\t<a class=\"elementor-icon\" href=\"https:\/\/sztukapracyzenergia.pl\/?page_id=480\">\n\t\t\t<i aria-hidden=\"true\" class=\"hm hm-calendar\"><\/i>\t\t\t<\/a>\n\t\t<\/div>\n\t\t\t\t<\/div>\n\t\t\t\t<\/div>\n\t\t\t\t<\/div>\n\t\t<div class=\"elementor-element elementor-element-515edcb e-con-full e-flex e-con e-child\" data-id=\"515edcb\" data-element_type=\"container\" data-settings=\"{&quot;_ha_eqh_enable&quot;:false}\">\n\t\t\t\t<div class=\"elementor-element elementor-element-099870b elementor-align-center elementor-widget elementor-widget-button\" data-id=\"099870b\" data-element_type=\"widget\" data-widget_type=\"button.default\">\n\t\t\t\t<div class=\"elementor-widget-container\">\n\t\t\t\t\t\t\t<div class=\"elementor-button-wrapper\">\n\t\t\t\t\t<a class=\"elementor-button elementor-button-link elementor-size-md\" href=\"https:\/\/sztukapracyzenergia.pl\/?page_id=480\">\n\t\t\t\t\t\t<span class=\"elementor-button-content-wrapper\">\n\t\t\t\t\t\t\t\t\t<span class=\"elementor-button-text\">WOLNE TERMINY<\/span>\n\t\t\t\t\t<\/span>\n\t\t\t\t\t<\/a>\n\t\t\t\t<\/div>\n\t\t\t\t\t\t<\/div>\n\t\t\t\t<\/div>\n\t\t\t\t<\/div>\n\t\t\t\t<\/div>\n\t\t<div class=\"elementor-element elementor-element-bc78db7 e-flex e-con-boxed e-con e-parent\" data-id=\"bc78db7\" data-element_type=\"container\" data-settings=\"{&quot;_ha_eqh_enable&quot;:false}\">\n\t\t\t\t\t<div class=\"e-con-inner\">\n\t\t\t\t<div class=\"elementor-element elementor-element-531387a elementor-widget-divider--view-line elementor-widget elementor-widget-divider\" data-id=\"531387a\" data-element_type=\"widget\" data-widget_type=\"divider.default\">\n\t\t\t\t<div class=\"elementor-widget-container\">\n\t\t\t\t\t<div class=\"elementor-divider\">\n\t\t\t<span class=\"elementor-divider-separator\">\n\t\t\t\t\t\t<\/span>\n\t\t<\/div>\n\t\t\t\t<\/div>\n\t\t\t\t<\/div>\n\t\t\t\t\t<\/div>\n\t\t\t\t<\/div>\n\t\t<div class=\"elementor-element elementor-element-53757b9 e-flex e-con-boxed e-con e-parent\" data-id=\"53757b9\" data-element_type=\"container\" data-settings=\"{&quot;_ha_eqh_enable&quot;:false}\">\n\t\t\t\t\t<div class=\"e-con-inner\">\n\t\t\t\t<div class=\"elementor-element elementor-element-6b7a94a elementor-widget elementor-widget-heading\" data-id=\"6b7a94a\" data-element_type=\"widget\" data-widget_type=\"heading.default\">\n\t\t\t\t<div class=\"elementor-widget-container\">\n\t\t\t<h2 class=\"elementor-heading-title elementor-size-large\"><b>Drodzy <img decoding=\"async\" role=\"img\" class=\"emoji\" alt=\"\ud83c\udf3f\" src=\"https:\/\/s.w.org\/images\/core\/emoji\/14.0.0\/svg\/1f33f.svg\">,<br><\/b><br>\nprzedstawiam Wam zakres moich us\u0142ug i proponowan\u0105 form\u0119 wymiany pieni\u0119\u017cnej za nie. Dlaczego proponowany, przeczytacie poni\u017cej <img decoding=\"async\" role=\"img\" class=\"emoji\" alt=\"\ud83e\udd32\" src=\"https:\/\/s.w.org\/images\/core\/emoji\/14.0.0\/svg\/1f932.svg\">.\n<br><br>Czego mo\u017cecie si\u0119 spodziewa\u0107 na spotkaniu ze mn\u0105?<br><br>\n<b><img decoding=\"async\" role=\"img\" class=\"emoji\" alt=\"\ud83c\udf00\" src=\"https:\/\/s.w.org\/images\/core\/emoji\/14.0.0\/svg\/1f300.svg\"> SOUL COACHING: <br><\/b><br>To przestrze\u0144 na poszerzenie horyzont\u00f3w Twojego rozwoju osobistego. <br>Podczas spotka\u0144 z rado\u015bci\u0105 podziel\u0119 si\u0119 z Tob\u0105 wiedz\u0105 o pracy z energi\u0105 i jej oddzia\u0142ywaniu na zdrowie psychiczne i fizyczne cz\u0142owieka. Opr\u00f3cz przygotowania teoretycznego, nie zabranie praktycznych \u0107wicze\u0144, kt\u00f3re otworz\u0105 Ci\u0119 na postrzeganie pozazmys\u0142owe <img decoding=\"async\" role=\"img\" class=\"emoji\" alt=\"\ud83d\udcab\" src=\"https:\/\/s.w.org\/images\/core\/emoji\/14.0.0\/svg\/1f4ab.svg\">.<br><br>\nJako, \u017ce z wykszta\u0142cenia jestem instruktork\u0105 jogi, pedagogiem i animatorem kultury teatru, poprzez techniki oddechowe, g\u0142osowe i ruchowe pomog\u0119 Ci upora\u0107 si\u0119 z traum\u0105, uwalniaj\u0105c cia\u0142o i umys\u0142. <br>S\u0105siedzi przywykli ju\u017c do prowadzonych przeze mnie zaj\u0119\u0107 z \u201euwalniania g\u0142osu\u201d <img decoding=\"async\" role=\"img\" class=\"emoji\" alt=\"\ud83d\ude09\" src=\"https:\/\/s.w.org\/images\/core\/emoji\/14.0.0\/svg\/1f609.svg\">.<br><br><b><img decoding=\"async\" role=\"img\" class=\"emoji\" alt=\"\ud83c\udf00\" src=\"https:\/\/s.w.org\/images\/core\/emoji\/14.0.0\/svg\/1f300.svg\"> SESJA ONLINE:<br><\/b><br>\u0141\u0105czymy si\u0119 poprzez Google Meet. <br>Spotkanie rozpoczynamy rozmow\u0105, poprzez kt\u00f3r\u0105 pr\u00f3bujemy \u201eodkodowa\u0107\u201d mentaln\u0105 i\/lub emocjonaln\u0105 przyczyn\u0119 Twoich chor\u00f3b, blokad czy niepowodze\u0144 \u017cyciowych. Po uwolnieniu tego, co Ci nie s\u0142u\u017cy, kreujemy NOWY obraz Twojego \u015bwiata, w kt\u00f3rym krok po kroku przybli\u017casz si\u0119 do stanu g\u0142\u0119bokiego szcz\u0119\u015bcia, spe\u0142nienia i mi\u0142o\u015bci do siebie.<br><br>\nPo rozmowie CZAS NA PRAKTYK\u0118.<br>Wejd\u0119 w channeling i zobacz\u0119 Tw\u00f3j POTENCJA\u0141 DUSZY - unikaln\u0105 cz\u0119stotliwo\u015b\u0107 Twoich aspekt\u00f3w wielowymiarowych oraz mo\u017cliwo\u015bci duchowych na dzie\u0144 dzisiejszy.<br><br>Do potencja\u0142u dobior\u0119 praktyk\u0119 medytacyjn\u0105 lub naucz\u0119 Ci\u0119 pracy z energi\u0105, aby\u015b przeszed\u0142 na kolejny poziom swojego urzeczywistnienia.<br><br>Je\u015bli b\u0119dziemy pracowa\u0107 nad polem energetycznym, poprosz\u0119 Ci\u0119, aby\u015b po\u0142o\u017cy\u0142\/a si\u0119 w wygodnym dla Ciebie miejscu i zanurzy\u0142\/a w medytacji. <br><br>W tym czasie, u\u0142o\u017c\u0119 (lub u\u0142o\u017cymy wsp\u00f3lnie) Twoje pole energetyczne i nape\u0142nimy je uzdrawiaj\u0105c\u0105 energi\u0105 \u2013 Twojej Wy\u017cszej Ja\u017ani i Ziemi. Podczas tego procesu, b\u0119dziesz wizualizowa\u0107 sobie wypracowane podczas coachingu wizje swojego NOWEGO JA.<br><br>\nPo pracy energetycznej om\u00f3wi\u0119 z Tob\u0105 ca\u0142y proces i zalec\u0119 g\u0142\u0119boki odpoczynek i dbanie o siebie \u2013 w\u0142a\u015bnie przeszed\u0142e\u015b swoj\u0105 pierwsz\u0105 eteryczn\u0105 \u201eoperacj\u0119\u201d.<br><br>W ci\u0105gu 24 h od odbytej sesji, otrzymasz praktyk\u0119 medytacyjn\u0105 do samodzielnej pracy - b\u0119dzie to albo personalna medytacja nagrana podczas spotkania albo wcze\u015bniej przygotowany przeze mnie materia\u0142.<br><br>\n<b><img decoding=\"async\" role=\"img\" class=\"emoji\" alt=\"\ud83c\udf00\" src=\"https:\/\/s.w.org\/images\/core\/emoji\/14.0.0\/svg\/1f300.svg\"> SESJA NA \u017bYWO: <\/b><br><br>Odbywa si\u0119 we wskazanym przeze mnie miejscu. Ca\u0142y proces przebiega w taki sam spos\u00f3b, jak podczas sesji online. We wspieraj\u0105cej obecno\u015bci, pr\u00f3bujemy podczas jednego spotkania \u201eodkodowa\u0107\u201d wi\u0119kszo\u015b\u0107 zalegaj\u0105cych w Twojej pod\u015bwiadomo\u015bci przekona\u0144.<br><br>\n<b><img decoding=\"async\" role=\"img\" class=\"emoji\" alt=\"\ud83c\udf00\" src=\"https:\/\/s.w.org\/images\/core\/emoji\/14.0.0\/svg\/1f300.svg\"> OCZYSZCZANIE ENERGETYCZNE PRZESTRZENI: <br><\/b><br>Je\u015bli czujesz, \u017ce w Twoim domu \u201estraszy\u201d, kto\u015b w nocy rzuca garnkami, trzaska drzwiami lub Tw\u00f3j maluch zaprzyja\u017ani\u0142 si\u0119 z niewidzialnym przyjacielem, kt\u00f3ry (o losie!) ubrany jest w str\u00f3j z poprzedniej dekady, to sygna\u0142, \u017ce prawdopodobnie macie w domu niewidzialnego lokatora.<br>\nPo pierwsze \u2013 nie b\u00f3jcie si\u0119! To Oni cz\u0119sto s\u0105 bardziej przera\u017ceni od Was, lub zwyczajnie nie wiedz\u0105, \u017ce umarli. Wy\u015blijcie im \u015bwiat\u0142o i wsparcie, a je\u015bli to nie pomo\u017ce, to piszcie \u2013 otul\u0119 ich mi\u0142o\u015bci\u0105 i przeprowadz\u0119 do DOMU <img decoding=\"async\" role=\"img\" class=\"emoji\" alt=\"\ud83e\udd32\" src=\"https:\/\/s.w.org\/images\/core\/emoji\/14.0.0\/svg\/1f932.svg\">.<br><br>\nWracaj\u0105c do WYMIANY za moj\u0105 prac\u0119. Powy\u017cej jest propozycja podzi\u0119kowania za m\u00f3j czas w formie pieni\u0119\u017cnej. Jednak\u017ce wiem, \u017ce nie ka\u017cdy mo\u017ce pozwoli\u0107 sobie na taki wydatek, dlatego otwieram si\u0119 na mo\u017cliwo\u015b\u0107 wymiany barterowej lub wolontariatu.<br><br><br>\n<b><img decoding=\"async\" role=\"img\" class=\"emoji\" alt=\"\ud83d\udd39\" src=\"https:\/\/s.w.org\/images\/core\/emoji\/14.0.0\/svg\/1f539.svg\"> Jak wygl\u0105da zap\u0142ata wolontariatem? <br><\/b><br>\n1. Wybierasz sobie instytucj\u0119, kt\u00f3ra przyjmuje wolontariuszy. <br>\n2. Zg\u0142aszasz si\u0119 do nich na wolontariat.<br>\n3. Przepracowujesz tam  30 godzin (w przypadku sesji za 700 z\u0142)<br>\n4. Przesy\u0142asz mi potwierdzenie od Instytucji, \u017ce odby\u0142e\u015b wolontariat.<br>\n5. Umawiamy si\u0119 na sesj\u0119.<br><br><br>\n<b>Co r\u00f3wnie\u017c zalicza si\u0119 do wolontariatu?<\/b><br>\n<img decoding=\"async\" role=\"img\" class=\"emoji\" alt=\"\ud83d\udd39\" src=\"https:\/\/s.w.org\/images\/core\/emoji\/14.0.0\/svg\/1f539.svg\"> Opieka nad osob\u0105 starsz\u0105<br>\n<img decoding=\"async\" role=\"img\" class=\"emoji\" alt=\"\ud83d\udd39\" src=\"https:\/\/s.w.org\/images\/core\/emoji\/14.0.0\/svg\/1f539.svg\"> Praca w domu dziecka czy schronisku dla zwierz\u0105t<br>\n<img decoding=\"async\" role=\"img\" class=\"emoji\" alt=\"\ud83d\udd39\" src=\"https:\/\/s.w.org\/images\/core\/emoji\/14.0.0\/svg\/1f539.svg\"> Ka\u017cda forma bezinteresownego s\u0142u\u017cenia drugiej istocie<br><br><br>\nOsoby samotnie wychowuj\u0105ce dzieci lub opiekuj\u0105ce si\u0119 starszymi rodzicami, tym samym nie maj\u0105ce sposobno\u015bci na odbycie wolontariatu, mog\u0105 otrzyma\u0107 sesj\u0119 za darmo <img decoding=\"async\" role=\"img\" class=\"emoji\" alt=\"\ud83e\udd32\" src=\"https:\/\/s.w.org\/images\/core\/emoji\/14.0.0\/svg\/1f932.svg\">.<br><br><br>\n<b>Dlaczego tak wa\u017cna jest wymiana? <br><\/b><br>Poniewa\u017c wdzi\u0119czno\u015b\u0107 wspiera proces Twojej przemiany. Kiedy doceniamy otrzymany dar, wtedy Nasza pod\u015bwiadomo\u015b\u0107 otrzymuje komunikat, \u017ce dostali\u015bmy co\u015b warto\u015bciowego <img decoding=\"async\" role=\"img\" class=\"emoji\" alt=\"\ud83c\udf3f\" src=\"https:\/\/s.w.org\/images\/core\/emoji\/14.0.0\/svg\/1f33f.svg\">. <br><br>\n<b>Ten pi\u0119kny \u015bwiat nie potrzebuje kolejnych uczni\u00f3w, on wo\u0142a o MISTRZ\u00d3W. Wo\u0142a o CIEBIE <img decoding=\"async\" role=\"img\" class=\"emoji\" alt=\"\ud83d\udc9c\" src=\"https:\/\/s.w.org\/images\/core\/emoji\/14.0.0\/svg\/1f49c.svg\">\n<\/b><\/h2>\t\t<\/div>\n\t\t\t\t<\/div>\n\t\t\t\t\t<\/div>\n\t\t\t\t<\/div>\n\t\t<div class=\"elementor-element elementor-element-2ab4fff e-flex e-con-boxed e-con e-parent\" data-id=\"2ab4fff\" data-element_type=\"container\" data-settings=\"{&quot;_ha_eqh_enable&quot;:false}\">\n\t\t\t\t\t<div class=\"e-con-inner\">\n\t\t\t\t<div class=\"elementor-element elementor-element-58c654b elementor-widget-divider--view-line elementor-widget elementor-widget-divider\" data-id=\"58c654b\" data-element_type=\"widget\" data-widget_type=\"divider.default\">\n\t\t\t\t<div class=\"elementor-widget-container\">\n\t\t\t\t\t<div class=\"elementor-divider\">\n\t\t\t<span class=\"elementor-divider-separator\">\n\t\t\t\t\t\t<\/span>\n\t\t<\/div>\n\t\t\t\t<\/div>\n\t\t\t\t<\/div>\n\t\t\t\t\t<\/div>\n\t\t\t\t<\/div>\n\t\t<div class=\"elementor-element elementor-element-6ec3183 e-flex e-con-boxed e-con e-parent\" data-id=\"6ec3183\" data-element_type=\"container\" data-settings=\"{&quot;_ha_eqh_enable&quot;:false}\">\n\t\t\t\t\t<div class=\"e-con-inner\">\n\t\t\t\t<div class=\"elementor-element elementor-element-61c33b2 elementor-widget elementor-widget-heading\" data-id=\"61c33b2\" data-element_type=\"widget\" data-widget_type=\"heading.default\">\n\t\t\t\t<div class=\"elementor-widget-container\">\n\t\t\t<h2 class=\"elementor-heading-title elementor-size-large\"><b>DANE DO PRZELEWU<\/b><\/h2>\t\t<\/div>\n\t\t\t\t<\/div>\n\t\t\t\t<div class=\"elementor-element elementor-element-8ad4f66 elementor-widget elementor-widget-heading\" data-id=\"8ad4f66\" data-element_type=\"widget\" data-widget_type=\"heading.default\">\n\t\t\t\t<div class=\"elementor-widget-container\">\n\t\t\t<h2 class=\"elementor-heading-title elementor-size-large\">Aleksandra Porowska<br>\n<b>mBank: 64 1140 2004 0000 3902 8264 3966<br><\/b>\nTytu\u0142em<i>: Pozaszkolne Formy Edukacji + Data<\/i><\/h2>\t\t<\/div>\n\t\t\t\t<\/div>\n\t\t\t\t\t<\/div>\n\t\t\t\t<\/div>\n\t\t<div class=\"elementor-element elementor-element-9adf38c e-flex e-con-boxed e-con e-parent\" data-id=\"9adf38c\" data-element_type=\"container\" data-settings=\"{&quot;_ha_eqh_enable&quot;:false}\">\n\t\t\t\t\t<div class=\"e-con-inner\">\n\t\t\t\t<div class=\"elementor-element elementor-element-5d5f22b elementor-widget-divider--view-line elementor-widget elementor-widget-divider\" data-id=\"5d5f22b\" data-element_type=\"widget\" data-widget_type=\"divider.default\">\n\t\t\t\t<div class=\"elementor-widget-container\">\n\t\t\t\t\t<div class=\"elementor-divider\">\n\t\t\t<span class=\"elementor-divider-separator\">\n\t\t\t\t\t\t<\/span>\n\t\t<\/div>\n\t\t\t\t<\/div>\n\t\t\t\t<\/div>\n\t\t\t\t\t<\/div>\n\t\t\t\t<\/div>\n\t\t\t\t<\/div>\n\t\t","protected":false},"excerpt":{"rendered":"<p>WOLNE TERMINY Drodzy , przedstawiam Wam zakres moich us\u0142ug i proponowan\u0105 form\u0119 wymiany pieni\u0119\u017cnej za nie. Dlaczego proponowany, przeczytacie poni\u017cej . Czego mo\u017cecie si\u0119 spodziewa\u0107 na spotkaniu ze mn\u0105? SOUL COACHING: To przestrze\u0144 na poszerzenie horyzont\u00f3w Twojego rozwoju osobistego. Podczas spotka\u0144 z rado\u015bci\u0105 podziel\u0119 si\u0119 z Tob\u0105 wiedz\u0105 o pracy z energi\u0105 i jej oddzia\u0142ywaniu <a class=\"read-more\" href=\"https:\/\/sztukapracyzenergia.pl\/?page_id=141\">READ MORE<\/a><\/p>\n","protected":false},"author":1,"featured_media":0,"parent":0,"menu_order":0,"comment_status":"closed","ping_status":"closed","template":"","meta":{"footnotes":""},"_links":{"self":[{"href":"https:\/\/sztukapracyzenergia.pl\/index.php?rest_route=\/wp\/v2\/pages\/141"}],"collection":[{"href":"https:\/\/sztukapracyzenergia.pl\/index.php?rest_route=\/wp\/v2\/pages"}],"about":[{"href":"https:\/\/sztukapracyzenergia.pl\/index.php?rest_route=\/wp\/v2\/types\/page"}],"author":[{"embeddable":true,"href":"https:\/\/sztukapracyzenergia.pl\/index.php?rest_route=\/wp\/v2\/users\/1"}],"replies":[{"embeddable":true,"href":"https:\/\/sztukapracyzenergia.pl\/index.php?rest_route=%2Fwp%2Fv2%2Fcomments&post=141"}],"version-history":[{"count":93,"href":"https:\/\/sztukapracyzenergia.pl\/index.php?rest_route=\/wp\/v2\/pages\/141\/revisions"}],"predecessor-version":[{"id":1635,"href":"https:\/\/sztukapracyzenergia.pl\/index.php?rest_route=\/wp\/v2\/pages\/141\/revisions\/1635"}],"wp:attachment":[{"href":"https:\/\/sztukapracyzenergia.pl\/index.php?rest_route=%2Fwp%2Fv2%2Fmedia&parent=141"}],"curies":[{"name":"wp","href":"https:\/\/api.w.org\/{rel}","templated":true}]}}