{"id":1458,"date":"2024-11-07T11:54:40","date_gmt":"2024-11-07T11:54:40","guid":{"rendered":"https:\/\/sztukapracyzenergia.pl\/?page_id=1458"},"modified":"2025-12-10T14:14:26","modified_gmt":"2025-12-10T14:14:26","slug":"medytacja","status":"publish","type":"page","link":"https:\/\/sztukapracyzenergia.pl\/?page_id=1458","title":{"rendered":"Cykl Medytacji ONLINE"},"content":{"rendered":"\t\t<div data-elementor-type=\"wp-page\" data-elementor-id=\"1458\" class=\"elementor elementor-1458\" data-elementor-settings=\"{&quot;ha_cmc_init_switcher&quot;:&quot;no&quot;}\">\n\t\t\t\t<div class=\"elementor-element elementor-element-bd411f0 e-flex e-con-boxed e-con e-parent\" data-id=\"bd411f0\" data-element_type=\"container\" data-settings=\"{&quot;_ha_eqh_enable&quot;:false}\">\n\t\t\t\t\t<div class=\"e-con-inner\">\n\t\t\t\t<div class=\"elementor-element elementor-element-a8b98d2 elementor-widget elementor-widget-heading\" data-id=\"a8b98d2\" data-element_type=\"widget\" data-widget_type=\"heading.default\">\n\t\t\t\t<div class=\"elementor-widget-container\">\n\t\t\t<h2 class=\"elementor-heading-title elementor-size-default\">Cykl Medytacji Online - Spok\u00f3j | Obecno\u015b\u0107 | Przebudzenie<\/h2>\t\t<\/div>\n\t\t\t\t<\/div>\n\t\t\t\t<div class=\"elementor-element elementor-element-697c356 elementor-widget elementor-widget-heading\" data-id=\"697c356\" data-element_type=\"widget\" data-widget_type=\"heading.default\">\n\t\t\t\t<div class=\"elementor-widget-container\">\n\t\t\t<h2 class=\"elementor-heading-title elementor-size-medium\">Serdecznie zapraszam Ci\u0119 na cykl cotygodniowych medytacji \u201eDroga \u017b\u00f3\u0142wia do Oceanu\u201d <img decoding=\"async\" role=\"img\" class=\"emoji\" alt=\"\ud83c\udf0a\" src=\"https:\/\/s.w.org\/images\/core\/emoji\/14.0.0\/svg\/1f30a.svg\">.<br><br>\n\n<b>To wyj\u0105tkowa przestrze\u0144, w kt\u00f3rej b\u0119dziesz m\u00f3g\u0142\/mog\u0142a:<br><\/b>\n<img decoding=\"async\" role=\"img\" class=\"emoji\" alt=\"\u2728\" src=\"https:\/\/s.w.org\/images\/core\/emoji\/14.0.0\/svg\/2728.svg\"> Odkry\u0107 g\u0142\u0119bszy sens swojego \u017cycia,<br>\n<img decoding=\"async\" role=\"img\" class=\"emoji\" alt=\"\u2728\" src=\"https:\/\/s.w.org\/images\/core\/emoji\/14.0.0\/svg\/2728.svg\"> Uwolni\u0107 umys\u0142, serce i cia\u0142o od nagromadzonego cierpienia,<br>\n<img decoding=\"async\" role=\"img\" class=\"emoji\" alt=\"\u2728\" src=\"https:\/\/s.w.org\/images\/core\/emoji\/14.0.0\/svg\/2728.svg\"> Nauczy\u0107 si\u0119 \u015bwiadomego oddechu i zaufania cia\u0142u,<br>\n<img decoding=\"async\" role=\"img\" class=\"emoji\" alt=\"\u2728\" src=\"https:\/\/s.w.org\/images\/core\/emoji\/14.0.0\/svg\/2728.svg\"> Odnale\u017a\u0107 wewn\u0119trzny spok\u00f3j i ukojenie,<br>\n<img decoding=\"async\" role=\"img\" class=\"emoji\" alt=\"\u2728\" src=\"https:\/\/s.w.org\/images\/core\/emoji\/14.0.0\/svg\/2728.svg\"> Poszerzy\u0107 swoj\u0105 \u015bwiadomo\u015b\u0107 i zdolno\u015b\u0107 do uwa\u017cnego \u017cycia,<br>\n<img decoding=\"async\" role=\"img\" class=\"emoji\" alt=\"\u2728\" src=\"https:\/\/s.w.org\/images\/core\/emoji\/14.0.0\/svg\/2728.svg\"> Przej\u015b\u0107 przez labirynt automatycznych my\u015bli i emocji,<br>\n<img decoding=\"async\" role=\"img\" class=\"emoji\" alt=\"\u2728\" src=\"https:\/\/s.w.org\/images\/core\/emoji\/14.0.0\/svg\/2728.svg\"> Zharmonizowa\u0107 \u015bwiat energii i wizji pozazmys\u0142owych,<br>\n<img decoding=\"async\" role=\"img\" class=\"emoji\" alt=\"\u2728\" src=\"https:\/\/s.w.org\/images\/core\/emoji\/14.0.0\/svg\/2728.svg\"> Wprowadzi\u0107 do swojego \u017cycia prawdziw\u0105 OBECNO\u015a\u0106.<br>\nAby pewnego dnia\u2026<br>\n<img decoding=\"async\" role=\"img\" class=\"emoji\" alt=\"\ud83d\udcab\" src=\"https:\/\/s.w.org\/images\/core\/emoji\/14.0.0\/svg\/1f4ab.svg\"> poczu\u0107 g\u0142\u0119bokie, duchowe szcz\u0119\u015bcie \u2013 wyp\u0142ywaj\u0105ce z wn\u0119trza Twojego istnienia.<br><br>\nTo jest mo\u017cliwe \u2013 wszystko, czego potrzebujesz, to w\u0142a\u015bciwie dobrana praktyka duchowa, dopasowana do Twojej \u015bwiadomo\u015bci, Twojej drogi i miejsca, w kt\u00f3rym jeste\u015b teraz.<br><br>\n<b><img decoding=\"async\" role=\"img\" class=\"emoji\" alt=\"\ud83d\udc22\" src=\"https:\/\/s.w.org\/images\/core\/emoji\/14.0.0\/svg\/1f422.svg\"> Dlaczego \u201eDroga \u017b\u00f3\u0142wia do Oceanu\u201d?<br><\/b><br>\n\u017b\u00f3\u0142w jest symbolem wytrwa\u0142o\u015bci, cierpliwo\u015bci i m\u0105dro\u015bci. Aby narodzi\u0107 si\u0119 na nowo, ka\u017cdy ma\u0142y \u017c\u00f3\u0142w musi pokona\u0107 piach, przeszkody i zagro\u017cenia \u2013 tak samo jak my, gdy mierzymy si\u0119 z karm\u0105, rodowymi obci\u0105\u017ceniami, trudnym dzieci\u0144stwem czy do\u015bwiadczeniami cierpienia.<br>\nA jednak, gdy wytrwale pod\u0105\u017ca, w ko\u0144cu dociera do Oceanu \u2013 symbolu Mi\u0142o\u015bci, Wolno\u015bci, O\u015bwiecenia i Pe\u0142ni Istnienia.\nTak i Ty mo\u017cesz dotrze\u0107 do swojego Oceanu \u2013 duchowego \u017ar\u00f3d\u0142a, kt\u00f3re zawsze by\u0142o w Tobie.<br><br>\n<b><img decoding=\"async\" role=\"img\" class=\"emoji\" alt=\"\ud83d\udd4a\" src=\"https:\/\/s.w.org\/images\/core\/emoji\/14.0.0\/svg\/1f54a.svg\"> Jak b\u0119d\u0105 wygl\u0105da\u0142y spotkania?<br><\/b>\n<img decoding=\"async\" role=\"img\" class=\"emoji\" alt=\"\ud83d\udcc5\" src=\"https:\/\/s.w.org\/images\/core\/emoji\/14.0.0\/svg\/1f4c5.svg\"> Ka\u017cda sobota<br>\n<img decoding=\"async\" role=\"img\" class=\"emoji\" alt=\"\u23f0\" src=\"https:\/\/s.w.org\/images\/core\/emoji\/14.0.0\/svg\/23f0.svg\"> godz. 6:00 <br>60 min praktyki + 60 min wyk\u0142adu lub odpowiedzi na Wasze pytania<br>\n<img decoding=\"async\" role=\"img\" class=\"emoji\" alt=\"\ud83c\udf10\" src=\"https:\/\/s.w.org\/images\/core\/emoji\/14.0.0\/svg\/1f310.svg\"> forma: ONLINE <br><br>Uczestnicy otrzymaj\u0105 dost\u0119p do dysku Google na kt\u00f3rym zapisane b\u0119d\u0105 praktyki z ostatniego miesi\u0105ca.<br><br>\n<img decoding=\"async\" role=\"img\" class=\"emoji\" alt=\"\ud83d\udcb0\" src=\"https:\/\/s.w.org\/images\/core\/emoji\/14.0.0\/svg\/1f4b0.svg\"> <b>Koszt<\/b> <b>uczestnictwa<\/b>: 222 z\u0142 miesi\u0119cznie <br><br><b>Zni\u017cka d\u0142ugoterminowa:<\/b><br>400 z\u0142 - dwa miesi\u0105ce<br>555 z\u0142 - trzy miesi\u0105ce<br><br>\n<img decoding=\"async\" role=\"img\" class=\"emoji\" alt=\"\u23f3\" src=\"https:\/\/s.w.org\/images\/core\/emoji\/14.0.0\/svg\/23f3.svg\"> Grupa b\u0119dzie dzia\u0142a\u0107 bezterminowo \u2013 tak d\u0142ugo, jak b\u0119dzie to potrzebne uczestnikom.<br><br>\n<b><img decoding=\"async\" role=\"img\" class=\"emoji\" alt=\"\ud83c\udf1f\" src=\"https:\/\/s.w.org\/images\/core\/emoji\/14.0.0\/svg\/1f31f.svg\"> Od Cierpienia do O\u015bwiecenia<br><\/b>\nGrupa ma charakter rozwojowy \u2013 praktyki b\u0119d\u0105 pog\u0142\u0119biane i prowadzone krok po kroku. <br><br>\n<b><img decoding=\"async\" role=\"img\" class=\"emoji\" alt=\"\ud83c\udf0c\" src=\"https:\/\/s.w.org\/images\/core\/emoji\/14.0.0\/svg\/1f30c.svg\"> Jakie praktyki b\u0119d\u0105 stosowane?<\/b><br><br><b>\n<\/b>Prowadz\u0105ca \u2013 Aleksandra Porowska \u2013 dzi\u0119ki wieloletniej praktyce i b\u0142ogos\u0142awie\u0144stwu, otrzyma\u0142a dar odczytywania i przekazywania praktyk duchowych (channeling) z <b>POLA ZBIOROWEJ \u015aWIADOMO\u015aCI.<br><\/b>\nKa\u017cda praktyka jest dostosowana do potrzeb uczestnik\u00f3w \u2013 od dynamicznych proces\u00f3w uwalniania traumy po g\u0142\u0119bokie zanurzenie w wielowymiarowe aspekty istnienia.<br><br>\n\u201eDroga \u017b\u00f3\u0142wia do Oceanu\u201d to \u015bcie\u017cka, kt\u00f3ra \u0142\u0105czy m\u0105dro\u015b\u0107, transformacj\u0119 i mi\u0142o\u015b\u0107 \u2013 prowadz\u0105c Ci\u0119 ku Twojemu wewn\u0119trznemu \u015bwiat\u0142u.<br><br>\n<b><img decoding=\"async\" role=\"img\" class=\"emoji\" alt=\"\ud83c\udf3a\" src=\"https:\/\/s.w.org\/images\/core\/emoji\/14.0.0\/svg\/1f33a.svg\"> Pierwsza medytacja \u2013 BEZP\u0141ATNIE<br><\/b>\nTo okazja, aby poczu\u0107 energi\u0119 tej praktyki i dowiedzie\u0107 si\u0119 wi\u0119cej.<br><br>\n<b><img decoding=\"async\" role=\"img\" class=\"emoji\" alt=\"\ud83d\udce9\" src=\"https:\/\/s.w.org\/images\/core\/emoji\/14.0.0\/svg\/1f4e9.svg\"> Zapisy i informacje:<\/b><br><b>\n<\/b>Asystent Marek<br>\n<img decoding=\"async\" role=\"img\" class=\"emoji\" alt=\"\ud83d\udc49\" src=\"https:\/\/s.w.org\/images\/core\/emoji\/14.0.0\/svg\/1f449.svg\"> kontakt.spze@gmail.com<\/h2>\t\t<\/div>\n\t\t\t\t<\/div>\n\t\t\t\t\t<\/div>\n\t\t\t\t<\/div>\n\t\t<div class=\"elementor-element elementor-element-d6917f7 e-flex e-con-boxed e-con e-parent\" data-id=\"d6917f7\" data-element_type=\"container\" data-settings=\"{&quot;_ha_eqh_enable&quot;:false}\">\n\t\t\t\t\t<div class=\"e-con-inner\">\n\t\t\t\t<div class=\"elementor-element elementor-element-c0c988f elementor-widget elementor-widget-image\" data-id=\"c0c988f\" data-element_type=\"widget\" data-widget_type=\"image.default\">\n\t\t\t\t<div class=\"elementor-widget-container\">\n\t\t\t\t\t\t\t\t\t\t\t\t\t<img fetchpriority=\"high\" decoding=\"async\" width=\"837\" height=\"558\" src=\"https:\/\/sztukapracyzenergia.pl\/wp-content\/uploads\/2025\/10\/ChatGPT-Image-11-wrz-2025-14_13_49-1024x683.png\" class=\"attachment-large size-large wp-image-1675\" alt=\"\" srcset=\"https:\/\/sztukapracyzenergia.pl\/wp-content\/uploads\/2025\/10\/ChatGPT-Image-11-wrz-2025-14_13_49-1024x683.png 1024w, https:\/\/sztukapracyzenergia.pl\/wp-content\/uploads\/2025\/10\/ChatGPT-Image-11-wrz-2025-14_13_49-300x200.png 300w, https:\/\/sztukapracyzenergia.pl\/wp-content\/uploads\/2025\/10\/ChatGPT-Image-11-wrz-2025-14_13_49-768x512.png 768w, https:\/\/sztukapracyzenergia.pl\/wp-content\/uploads\/2025\/10\/ChatGPT-Image-11-wrz-2025-14_13_49.png 1536w\" sizes=\"(max-width: 837px) 100vw, 837px\" \/>\t\t\t\t\t\t\t\t\t\t\t\t\t<\/div>\n\t\t\t\t<\/div>\n\t\t\t\t\t<\/div>\n\t\t\t\t<\/div>\n\t\t\t\t<\/div>\n\t\t","protected":false},"excerpt":{"rendered":"<p>Cykl Medytacji Online &#8211; Spok\u00f3j | Obecno\u015b\u0107 | Przebudzenie Serdecznie zapraszam Ci\u0119 na cykl cotygodniowych medytacji \u201eDroga \u017b\u00f3\u0142wia do Oceanu\u201d . To wyj\u0105tkowa przestrze\u0144, w kt\u00f3rej b\u0119dziesz m\u00f3g\u0142\/mog\u0142a: Odkry\u0107 g\u0142\u0119bszy sens swojego \u017cycia, Uwolni\u0107 umys\u0142, serce i cia\u0142o od nagromadzonego cierpienia, Nauczy\u0107 si\u0119 \u015bwiadomego oddechu i zaufania cia\u0142u, Odnale\u017a\u0107 wewn\u0119trzny spok\u00f3j i ukojenie, Poszerzy\u0107 swoj\u0105 <a class=\"read-more\" href=\"https:\/\/sztukapracyzenergia.pl\/?page_id=1458\">READ MORE<\/a><\/p>\n","protected":false},"author":1,"featured_media":0,"parent":54,"menu_order":3,"comment_status":"closed","ping_status":"closed","template":"","meta":{"footnotes":""},"_links":{"self":[{"href":"https:\/\/sztukapracyzenergia.pl\/index.php?rest_route=\/wp\/v2\/pages\/1458"}],"collection":[{"href":"https:\/\/sztukapracyzenergia.pl\/index.php?rest_route=\/wp\/v2\/pages"}],"about":[{"href":"https:\/\/sztukapracyzenergia.pl\/index.php?rest_route=\/wp\/v2\/types\/page"}],"author":[{"embeddable":true,"href":"https:\/\/sztukapracyzenergia.pl\/index.php?rest_route=\/wp\/v2\/users\/1"}],"replies":[{"embeddable":true,"href":"https:\/\/sztukapracyzenergia.pl\/index.php?rest_route=%2Fwp%2Fv2%2Fcomments&post=1458"}],"version-history":[{"count":60,"href":"https:\/\/sztukapracyzenergia.pl\/index.php?rest_route=\/wp\/v2\/pages\/1458\/revisions"}],"predecessor-version":[{"id":1766,"href":"https:\/\/sztukapracyzenergia.pl\/index.php?rest_route=\/wp\/v2\/pages\/1458\/revisions\/1766"}],"up":[{"embeddable":true,"href":"https:\/\/sztukapracyzenergia.pl\/index.php?rest_route=\/wp\/v2\/pages\/54"}],"wp:attachment":[{"href":"https:\/\/sztukapracyzenergia.pl\/index.php?rest_route=%2Fwp%2Fv2%2Fmedia&parent=1458"}],"curies":[{"name":"wp","href":"https:\/\/api.w.org\/{rel}","templated":true}]}}