{"id":1478,"date":"2024-11-22T15:57:19","date_gmt":"2024-11-22T15:57:19","guid":{"rendered":"https:\/\/sztukapracyzenergia.pl\/?page_id=1478"},"modified":"2025-12-10T13:37:44","modified_gmt":"2025-12-10T13:37:44","slug":"kurs-samouzdrawiania-zanurzenie-w-jazni-24-26-01-2025-poznan","status":"publish","type":"page","link":"https:\/\/sztukapracyzenergia.pl\/?page_id=1478","title":{"rendered":"Kurs SAMOuzdrawiania &#8211; Zanurzenie w Ja\u017ani | 9-11.01.2026 Wroc\u0142aw"},"content":{"rendered":"\t\t<div data-elementor-type=\"wp-page\" data-elementor-id=\"1478\" class=\"elementor elementor-1478\" data-elementor-settings=\"{&quot;ha_cmc_init_switcher&quot;:&quot;no&quot;}\">\n\t\t\t\t<div class=\"elementor-element elementor-element-29581e1 e-flex e-con-boxed e-con e-parent\" data-id=\"29581e1\" data-element_type=\"container\" data-settings=\"{&quot;_ha_eqh_enable&quot;:false}\">\n\t\t\t\t\t<div class=\"e-con-inner\">\n\t\t\t\t<div class=\"elementor-element elementor-element-f9e2221 elementor-shape-rounded elementor-grid-0 e-grid-align-center elementor-widget elementor-widget-social-icons\" data-id=\"f9e2221\" data-element_type=\"widget\" data-widget_type=\"social-icons.default\">\n\t\t\t\t<div class=\"elementor-widget-container\">\n\t\t\t\t\t<div class=\"elementor-social-icons-wrapper elementor-grid\">\n\t\t\t\t\t\t\t<span class=\"elementor-grid-item\">\n\t\t\t\t\t<a class=\"elementor-icon elementor-social-icon elementor-social-icon-facebook elementor-repeater-item-af5704f\" href=\"https:\/\/fb.me\/e\/3PzN08lq0\" target=\"_blank\">\n\t\t\t\t\t\t<span class=\"elementor-screen-only\">Facebook<\/span>\n\t\t\t\t\t\t<i class=\"fab fa-facebook\"><\/i>\t\t\t\t\t<\/a>\n\t\t\t\t<\/span>\n\t\t\t\t\t<\/div>\n\t\t\t\t<\/div>\n\t\t\t\t<\/div>\n\t\t\t\t\t<\/div>\n\t\t\t\t<\/div>\n\t\t<div class=\"elementor-element elementor-element-bd411f0 e-flex e-con-boxed e-con e-parent\" data-id=\"bd411f0\" data-element_type=\"container\" data-settings=\"{&quot;_ha_eqh_enable&quot;:false}\">\n\t\t\t\t\t<div class=\"e-con-inner\">\n\t\t\t\t<div class=\"elementor-element elementor-element-a8b98d2 elementor-widget elementor-widget-heading\" data-id=\"a8b98d2\" data-element_type=\"widget\" data-widget_type=\"heading.default\">\n\t\t\t\t<div class=\"elementor-widget-container\">\n\t\t\t<h2 class=\"elementor-heading-title elementor-size-default\"><b>Drodzy Poszukiwacze SWOJEJ Drogi! <img decoding=\"async\" role=\"img\" class=\"emoji\" alt=\"\ud83d\udcab\" src=\"https:\/\/s.w.org\/images\/core\/emoji\/14.0.0\/svg\/1f4ab.svg\"><br><\/b><br>\nZapraszam Was na warsztat, kt\u00f3ry odkryje przed Wami \u015bwiat energii i jej lecznicze oddzia\u0142ywanie na zdrowie fizyczne i psychiczne cz\u0142owieka <img decoding=\"async\" role=\"img\" class=\"emoji\" alt=\"\ud83e\udd32\" src=\"https:\/\/s.w.org\/images\/core\/emoji\/14.0.0\/svg\/1f932.svg\">.<br><br>\nOD PODSTAW, krok po kroku, poprowadz\u0119 Was przez anatomi\u0119 eteryczn\u0105, duchowe BHP i przeszkody, jakie uzdrowiciel mo\u017ce natrafi\u0107 podczas swojej pracy <img decoding=\"async\" role=\"img\" class=\"emoji\" alt=\"\ud83d\ude4f\" src=\"https:\/\/s.w.org\/images\/core\/emoji\/14.0.0\/svg\/1f64f.svg\">.<br><br>\nOpr\u00f3cz bogatej cz\u0119\u015bci teoretycznej, b\u0119d\u0119 w praktyczny spos\u00f3b uczy\u0142a Was odczuwa\u0107 fizycznie energi\u0119 i ustala\u0107 sw\u00f3j w\u0142asny \u201ekod\u201d kontaktu ze swoj\u0105 \u015awiadomo\u015bci\u0105 <img decoding=\"async\" role=\"img\" class=\"emoji\" alt=\"\ud83e\udd32\" src=\"https:\/\/s.w.org\/images\/core\/emoji\/14.0.0\/svg\/1f932.svg\">.<br><br>\nPrzeka\u017c\u0119 Wam ca\u0142\u0105 wiedz\u0119 i autorskie metody PRACY Z ENERGI\u0104, zdobyte przez jedenastoletnie do\u015bwiadczenie.\nCelem warsztatu jest wydobycie z Was ISTOTY SAMOWYSTARCZALNEJ.<br><br>\nTakiej, kt\u00f3ra ju\u017c nie b\u0119dzie potrzebowa\u0142a pomocy \u017cadnego medium, jasnowidza czy wr\u00f3\u017cki.<br><br>\nIstoty, kt\u00f3r\u0105 JU\u017b JESTE\u015aCIE, tylko ukrywacie j\u0105 pod p\u0142aszczem trosk i braku wiary we w\u0142asne mo\u017cliwo\u015bci <img decoding=\"async\" role=\"img\" class=\"emoji\" alt=\"\ud83d\udcab\" src=\"https:\/\/s.w.org\/images\/core\/emoji\/14.0.0\/svg\/1f4ab.svg\">.<br><br>\nWarsztat skierowany jest dla kobiet i m\u0119\u017cczyzn od 18 roku \u017cycia (za pisemn\u0105 zgod\u0105 rodzic\u00f3w od 16 roku).<br><br>\nDo\u0142\u0105czcie do grona WIEDZ\u0104CYCH <img decoding=\"async\" role=\"img\" class=\"emoji\" alt=\"\ud83d\ude4f\" src=\"https:\/\/s.w.org\/images\/core\/emoji\/14.0.0\/svg\/1f64f.svg\">.<br><br>\n<b>Plan dzia\u0142ania (mo\u017cliwo\u015b\u0107 uczestnictwa od soboty):<\/b><br><br><b>\n<img decoding=\"async\" role=\"img\" class=\"emoji\" alt=\"\ud83d\udfe3\" src=\"https:\/\/s.w.org\/images\/core\/emoji\/14.0.0\/svg\/1f7e3.svg\"> 9 stycznia | DZIE\u0143 1<br><\/b>\n<img decoding=\"async\" role=\"img\" class=\"emoji\" alt=\"\ud83d\udd38\" src=\"https:\/\/s.w.org\/images\/core\/emoji\/14.0.0\/svg\/1f538.svg\">17:00 - 18:00 | Kr\u0105g Powitalny<br>\n<img decoding=\"async\" role=\"img\" class=\"emoji\" alt=\"\ud83d\udd38\" src=\"https:\/\/s.w.org\/images\/core\/emoji\/14.0.0\/svg\/1f538.svg\">18:00 - 21:00 | Soul ReNew Method - Uwolnienie Traumy<br><br>\n<b><img decoding=\"async\" role=\"img\" class=\"emoji\" alt=\"\ud83d\udfe3\" src=\"https:\/\/s.w.org\/images\/core\/emoji\/14.0.0\/svg\/1f7e3.svg\"> 10 stycznia| DZIE\u0143 2<\/b><br><b>\n<\/b><img decoding=\"async\" role=\"img\" class=\"emoji\" alt=\"\ud83d\udd38\" src=\"https:\/\/s.w.org\/images\/core\/emoji\/14.0.0\/svg\/1f538.svg\"> 9:00-14:00 | Warsztat \u201eWPROWADZENIE DO PRACY Z ENERGI\u0104 POPRZEZ PO\u0141\u0104CZENIE ZE \u015aWIADOMO\u015aCI\u0104\u201d - teoria<br>\n<img decoding=\"async\" role=\"img\" class=\"emoji\" alt=\"\ud83d\udd38\" src=\"https:\/\/s.w.org\/images\/core\/emoji\/14.0.0\/svg\/1f538.svg\"> 14:00-15:00 | Obiad<br>\n<img decoding=\"async\" role=\"img\" class=\"emoji\" alt=\"\ud83d\udd38\" src=\"https:\/\/s.w.org\/images\/core\/emoji\/14.0.0\/svg\/1f538.svg\"> 15:00-19:00 | Warsztat \"WPROWADZENIE DO ODPROWADZANIA DUSZ\" \u2013 jak radzi\u0107 sobie z istotami astralnymi i strunami energetycznymi - teoria<br>\n<img decoding=\"async\" role=\"img\" class=\"emoji\" alt=\"\ud83d\udd38\" src=\"https:\/\/s.w.org\/images\/core\/emoji\/14.0.0\/svg\/1f538.svg\"> 19:00-20:00 | Pytania spoza kursu<br><br>\n<b><img decoding=\"async\" role=\"img\" class=\"emoji\" alt=\"\ud83d\udfe3\" src=\"https:\/\/s.w.org\/images\/core\/emoji\/14.0.0\/svg\/1f7e3.svg\"> 11 stycznia| DZIE\u0143 3<\/b><br><b>\n<\/b><img decoding=\"async\" role=\"img\" class=\"emoji\" alt=\"\ud83d\udd38\" src=\"https:\/\/s.w.org\/images\/core\/emoji\/14.0.0\/svg\/1f538.svg\"> 9:00 \u2013 14:00 | Warsztat \u201ePOSZERZANIE PERCEPCJI\u201d - praktyka czucia i nawi\u0105zywania dialogu z Wy\u017csz\u0105 Ja\u017ani\u0105.<br>\n<img decoding=\"async\" role=\"img\" class=\"emoji\" alt=\"\ud83d\udd38\" src=\"https:\/\/s.w.org\/images\/core\/emoji\/14.0.0\/svg\/1f538.svg\"> 14:00 - 15:00 | Obiad<br>\n<img decoding=\"async\" role=\"img\" class=\"emoji\" alt=\"\ud83d\udd38\" src=\"https:\/\/s.w.org\/images\/core\/emoji\/14.0.0\/svg\/1f538.svg\"> 15:00 - 18:00 | Warsztat \u201ePRACA Z ENERGI\u0104 W PRAKTYCE\u201d \u2013 czyli oczyszczanie swojego pola energetycznego, \u201eustawianie\u201d go i roz\u015bwietlanie.<br>\n<img decoding=\"async\" role=\"img\" class=\"emoji\" alt=\"\ud83d\udd38\" src=\"https:\/\/s.w.org\/images\/core\/emoji\/14.0.0\/svg\/1f538.svg\"> 18:00 - 19:00 | Kr\u0105g zamykaj\u0105cy z medytacj\u0105<br>\n<img decoding=\"async\" role=\"img\" class=\"emoji\" alt=\"\ud83d\udd38\" src=\"https:\/\/s.w.org\/images\/core\/emoji\/14.0.0\/svg\/1f538.svg\"> 19:00 \u2013 20:00 | Pytania spoza kursu<br><br>\n<b><img decoding=\"async\" role=\"img\" class=\"emoji\" alt=\"\ud83d\udfe3\" src=\"https:\/\/s.w.org\/images\/core\/emoji\/14.0.0\/svg\/1f7e3.svg\"> OPIS WARSZTAT\u00d3W:<\/b><br><br><b>\n<\/b>\u201e<b>WPROWADZENIE DO PRACY Z ENERGI\u0104 POPRZEZ PO\u0141\u0104CZENIE ZE \u015aWIADOMO\u015aCI\u0104\u201d - teoria<\/b><br>\n<img decoding=\"async\" role=\"img\" class=\"emoji\" alt=\"\ud83d\udd38\" src=\"https:\/\/s.w.org\/images\/core\/emoji\/14.0.0\/svg\/1f538.svg\"> Anatomia energetyczna - jak zbudowane jest cia\u0142o eteryczne<br>\n<img decoding=\"async\" role=\"img\" class=\"emoji\" alt=\"\ud83d\udd38\" src=\"https:\/\/s.w.org\/images\/core\/emoji\/14.0.0\/svg\/1f538.svg\"> System przep\u0142ywu energii i jego zak\u0142\u00f3cenia<br>\n<img decoding=\"async\" role=\"img\" class=\"emoji\" alt=\"\ud83d\udd38\" src=\"https:\/\/s.w.org\/images\/core\/emoji\/14.0.0\/svg\/1f538.svg\"> Duchowe BHP<br>\n<img decoding=\"async\" role=\"img\" class=\"emoji\" alt=\"\ud83d\udd38\" src=\"https:\/\/s.w.org\/images\/core\/emoji\/14.0.0\/svg\/1f538.svg\"> Narz\u0119dzia do pracy z energi\u0105<br>\n<img decoding=\"async\" role=\"img\" class=\"emoji\" alt=\"\ud83d\udd38\" src=\"https:\/\/s.w.org\/images\/core\/emoji\/14.0.0\/svg\/1f538.svg\"> Dysfunkcje czakr<br>\n<img decoding=\"async\" role=\"img\" class=\"emoji\" alt=\"\ud83d\udd38\" src=\"https:\/\/s.w.org\/images\/core\/emoji\/14.0.0\/svg\/1f538.svg\"> Dysharmonia pola energetycznego i traumy a choroba fizyczna<br>\n<img decoding=\"async\" role=\"img\" class=\"emoji\" alt=\"\ud83d\udd38\" src=\"https:\/\/s.w.org\/images\/core\/emoji\/14.0.0\/svg\/1f538.svg\"> Wiara w uzdrowienie a g\u0142\u0119boko ukryte przekonania<br>\n<img decoding=\"async\" role=\"img\" class=\"emoji\" alt=\"\ud83d\udd38\" src=\"https:\/\/s.w.org\/images\/core\/emoji\/14.0.0\/svg\/1f538.svg\"> Nieuleczalne \u2013 choroba jako zaw\u00f3r bezpiecze\u0144stwa i najlepszy przyjaciel<br>\n<img decoding=\"async\" role=\"img\" class=\"emoji\" alt=\"\ud83d\udd38\" src=\"https:\/\/s.w.org\/images\/core\/emoji\/14.0.0\/svg\/1f538.svg\"> Jak przygotowa\u0107 si\u0119 do uzdrowienia \u2013 wyb\u00f3r miejsca i czasu<br><br>\n<b>\u201eWPROWADZENIE DO ODPROWADZANIA DUSZ\u201d - teoria<\/b><br>\n<img decoding=\"async\" role=\"img\" class=\"emoji\" alt=\"\ud83d\udd38\" src=\"https:\/\/s.w.org\/images\/core\/emoji\/14.0.0\/svg\/1f538.svg\"> Powody, dla kt\u00f3rych dusze nie przechodz\u0105 dalej, \u201edo \u015bwiat\u0142a\u201d<br>\n<img decoding=\"async\" role=\"img\" class=\"emoji\" alt=\"\ud83d\udd38\" src=\"https:\/\/s.w.org\/images\/core\/emoji\/14.0.0\/svg\/1f538.svg\"> Rodzaje istot w \u015bwiecie astralnym i jak wp\u0142ywaj\u0105 one na \u015bwiat fizyczny<br>\n<img decoding=\"async\" role=\"img\" class=\"emoji\" alt=\"\ud83d\udd38\" src=\"https:\/\/s.w.org\/images\/core\/emoji\/14.0.0\/svg\/1f538.svg\"> Struny energetyczne \u2013 przyczyny powstawania i metody ich odpinania<br><br>\n<b>\u201ePOSZERZANIE PERCEPCJI\u201d<\/b><br><b>\n<\/b><img decoding=\"async\" role=\"img\" class=\"emoji\" alt=\"\ud83d\udd38\" src=\"https:\/\/s.w.org\/images\/core\/emoji\/14.0.0\/svg\/1f538.svg\"> Dostrojenie si\u0119 do swojej Wy\u017cszej Ja\u017ani<br>\n<img decoding=\"async\" role=\"img\" class=\"emoji\" alt=\"\ud83d\udd38\" src=\"https:\/\/s.w.org\/images\/core\/emoji\/14.0.0\/svg\/1f538.svg\"> \u0106wiczenia pozwalaj\u0105ce na fizyczne odczuwanie i widzenie energii<br>\n<img decoding=\"async\" role=\"img\" class=\"emoji\" alt=\"\ud83d\udd38\" src=\"https:\/\/s.w.org\/images\/core\/emoji\/14.0.0\/svg\/1f538.svg\"> \u015awiadomo\u015b\u0107 rozr\u00f3\u017cniaj\u0105ca - co autentycznie czuj\u0119, a co jest podszeptem umys\u0142u<br><br>\n<b>\"UZDRAWIANIE ENERGETYCZNE - czyli oczyszczanie swojego pola energetycznego, \u201eustawianie\u201d go i roz\u015bwietlanie\"<\/b><br><br><b>\n<\/b><img decoding=\"async\" role=\"img\" class=\"emoji\" alt=\"\ud83d\udd38\" src=\"https:\/\/s.w.org\/images\/core\/emoji\/14.0.0\/svg\/1f538.svg\"> Praktyczne przeprowadzenie ca\u0142ego procesu uzdrawiania poprzez ustawienie swojego pola eterycznego<br><br>\n<img decoding=\"async\" role=\"img\" class=\"emoji\" alt=\"\ud83d\udfe3\" src=\"https:\/\/s.w.org\/images\/core\/emoji\/14.0.0\/svg\/1f7e3.svg\"> <b>INWESTYCJA<\/b>: <br>Uczestnictwo pi\u0105tek-niedziela: 1 111 z\u0142<br>Uczestnictwo sobota-niedziela: 999 z\u0142 <br><br><b>Gwarancj\u0105 rezerwacji miejsca jest wp\u0142ata bezzwrotnego zadatku:<\/b><br>Uczestnictwo pi\u0105tek-niedziela: 199 z\u0142<br>Uczestnictwo sobota-niedziela: 211 z\u0142<br><br>\n<b><img decoding=\"async\" role=\"img\" class=\"emoji\" alt=\"\ud83e\udeb6\" src=\"https:\/\/s.w.org\/images\/core\/emoji\/14.0.0\/svg\/1fab6.svg\"> ZAPISY (u Asystenta Marka) :<br><\/b>\nkontakt.spze@gmail.com<br><br>\n<b><img decoding=\"async\" role=\"img\" class=\"emoji\" alt=\"\ud83d\udfe3\" src=\"https:\/\/s.w.org\/images\/core\/emoji\/14.0.0\/svg\/1f7e3.svg\"> MIEJSCE:<\/b><br><b>\n<\/b>Joga i Fizjoterapia we Wroc\u0142awiu<br>ul. Plac Pereca 2\/1, Wroc\u0142aw<br><br>\nProwadz\u0105cy zastrzegaj\u0105 sobie prawo do zmiany godzin i planu pracy w odpowiedzi na potrzeby uczestnik\u00f3w <img decoding=\"async\" role=\"img\" class=\"emoji\" alt=\"\ud83d\ude4f\" src=\"https:\/\/s.w.org\/images\/core\/emoji\/14.0.0\/svg\/1f64f.svg\">  <\/h2>\t\t<\/div>\n\t\t\t\t<\/div>\n\t\t\t\t\t<\/div>\n\t\t\t\t<\/div>\n\t\t<div class=\"elementor-element elementor-element-d6917f7 e-flex e-con-boxed e-con e-parent\" data-id=\"d6917f7\" data-element_type=\"container\" data-settings=\"{&quot;_ha_eqh_enable&quot;:false}\">\n\t\t\t\t\t<div class=\"e-con-inner\">\n\t\t\t\t<div class=\"elementor-element elementor-element-c0c988f elementor-widget elementor-widget-image\" data-id=\"c0c988f\" data-element_type=\"widget\" data-widget_type=\"image.default\">\n\t\t\t\t<div class=\"elementor-widget-container\">\n\t\t\t\t\t\t\t\t\t\t\t\t\t<img fetchpriority=\"high\" decoding=\"async\" width=\"837\" height=\"593\" src=\"https:\/\/sztukapracyzenergia.pl\/wp-content\/uploads\/2025\/12\/Wpro-9-1024x726.jpg\" class=\"attachment-large size-large wp-image-1728\" alt=\"\" srcset=\"https:\/\/sztukapracyzenergia.pl\/wp-content\/uploads\/2025\/12\/Wpro-9-1024x726.jpg 1024w, https:\/\/sztukapracyzenergia.pl\/wp-content\/uploads\/2025\/12\/Wpro-9-300x213.jpg 300w, https:\/\/sztukapracyzenergia.pl\/wp-content\/uploads\/2025\/12\/Wpro-9-768x545.jpg 768w, https:\/\/sztukapracyzenergia.pl\/wp-content\/uploads\/2025\/12\/Wpro-9-1536x1090.jpg 1536w, https:\/\/sztukapracyzenergia.pl\/wp-content\/uploads\/2025\/12\/Wpro-9.jpg 1748w\" sizes=\"(max-width: 837px) 100vw, 837px\" \/>\t\t\t\t\t\t\t\t\t\t\t\t\t<\/div>\n\t\t\t\t<\/div>\n\t\t\t\t\t<\/div>\n\t\t\t\t<\/div>\n\t\t\t\t<\/div>\n\t\t","protected":false},"excerpt":{"rendered":"<p>Facebook Drodzy Poszukiwacze SWOJEJ Drogi! Zapraszam Was na warsztat, kt\u00f3ry odkryje przed Wami \u015bwiat energii i jej lecznicze oddzia\u0142ywanie na zdrowie fizyczne i psychiczne cz\u0142owieka . OD PODSTAW, krok po kroku, poprowadz\u0119 Was przez anatomi\u0119 eteryczn\u0105, duchowe BHP i przeszkody, jakie uzdrowiciel mo\u017ce natrafi\u0107 podczas swojej pracy . Opr\u00f3cz bogatej cz\u0119\u015bci teoretycznej, b\u0119d\u0119 w praktyczny <a class=\"read-more\" href=\"https:\/\/sztukapracyzenergia.pl\/?page_id=1478\">READ MORE<\/a><\/p>\n","protected":false},"author":1,"featured_media":0,"parent":54,"menu_order":3,"comment_status":"closed","ping_status":"closed","template":"","meta":{"footnotes":""},"_links":{"self":[{"href":"https:\/\/sztukapracyzenergia.pl\/index.php?rest_route=\/wp\/v2\/pages\/1478"}],"collection":[{"href":"https:\/\/sztukapracyzenergia.pl\/index.php?rest_route=\/wp\/v2\/pages"}],"about":[{"href":"https:\/\/sztukapracyzenergia.pl\/index.php?rest_route=\/wp\/v2\/types\/page"}],"author":[{"embeddable":true,"href":"https:\/\/sztukapracyzenergia.pl\/index.php?rest_route=\/wp\/v2\/users\/1"}],"replies":[{"embeddable":true,"href":"https:\/\/sztukapracyzenergia.pl\/index.php?rest_route=%2Fwp%2Fv2%2Fcomments&post=1478"}],"version-history":[{"count":16,"href":"https:\/\/sztukapracyzenergia.pl\/index.php?rest_route=\/wp\/v2\/pages\/1478\/revisions"}],"predecessor-version":[{"id":1736,"href":"https:\/\/sztukapracyzenergia.pl\/index.php?rest_route=\/wp\/v2\/pages\/1478\/revisions\/1736"}],"up":[{"embeddable":true,"href":"https:\/\/sztukapracyzenergia.pl\/index.php?rest_route=\/wp\/v2\/pages\/54"}],"wp:attachment":[{"href":"https:\/\/sztukapracyzenergia.pl\/index.php?rest_route=%2Fwp%2Fv2%2Fmedia&parent=1478"}],"curies":[{"name":"wp","href":"https:\/\/api.w.org\/{rel}","templated":true}]}}