{"id":18,"date":"2023-10-11T12:21:18","date_gmt":"2023-10-11T12:21:18","guid":{"rendered":"https:\/\/sztukapracyzenergia.pl\/?page_id=18"},"modified":"2023-10-20T14:54:59","modified_gmt":"2023-10-20T14:54:59","slug":"home","status":"publish","type":"page","link":"https:\/\/sztukapracyzenergia.pl\/","title":{"rendered":"Home"},"content":{"rendered":"\t\t<div data-elementor-type=\"wp-page\" data-elementor-id=\"18\" class=\"elementor elementor-18\" data-elementor-settings=\"{&quot;ha_cmc_init_switcher&quot;:&quot;no&quot;}\">\n\t\t\t\t<div class=\"elementor-element elementor-element-7ba4438 e-flex e-con-boxed e-con e-parent\" data-id=\"7ba4438\" data-element_type=\"container\" data-settings=\"{&quot;_ha_eqh_enable&quot;:false}\">\n\t\t\t\t\t<div class=\"e-con-inner\">\n\t\t\t\t<div class=\"elementor-element elementor-element-b2f2813 elementor-shape-rounded elementor-grid-0 e-grid-align-center elementor-widget elementor-widget-social-icons\" data-id=\"b2f2813\" data-element_type=\"widget\" data-widget_type=\"social-icons.default\">\n\t\t\t\t<div class=\"elementor-widget-container\">\n\t\t\t\t\t<div class=\"elementor-social-icons-wrapper elementor-grid\">\n\t\t\t\t\t\t\t<span class=\"elementor-grid-item\">\n\t\t\t\t\t<a class=\"elementor-icon elementor-social-icon elementor-social-icon-facebook elementor-repeater-item-fd4c36f\" href=\"https:\/\/www.facebook.com\/sztukapracyzenergia\" target=\"_blank\">\n\t\t\t\t\t\t<span class=\"elementor-screen-only\">Facebook<\/span>\n\t\t\t\t\t\t<i class=\"fab fa-facebook\"><\/i>\t\t\t\t\t<\/a>\n\t\t\t\t<\/span>\n\t\t\t\t\t\t\t<span class=\"elementor-grid-item\">\n\t\t\t\t\t<a class=\"elementor-icon elementor-social-icon elementor-social-icon-youtube elementor-repeater-item-a928e4c\" href=\"https:\/\/youtube.com\/@SztukaPracyzEnergia?si=aHZY-E48bcBZDmv5\" target=\"_blank\">\n\t\t\t\t\t\t<span class=\"elementor-screen-only\">Youtube<\/span>\n\t\t\t\t\t\t<i class=\"fab fa-youtube\"><\/i>\t\t\t\t\t<\/a>\n\t\t\t\t<\/span>\n\t\t\t\t\t\t\t<span class=\"elementor-grid-item\">\n\t\t\t\t\t<a class=\"elementor-icon elementor-social-icon elementor-social-icon-instagram elementor-repeater-item-7c6742d\" href=\"https:\/\/www.instagram.com\/sztuka_pracy_z_energia\/\" target=\"_blank\">\n\t\t\t\t\t\t<span class=\"elementor-screen-only\">Instagram<\/span>\n\t\t\t\t\t\t<i class=\"fab fa-instagram\"><\/i>\t\t\t\t\t<\/a>\n\t\t\t\t<\/span>\n\t\t\t\t\t<\/div>\n\t\t\t\t<\/div>\n\t\t\t\t<\/div>\n\t\t<div class=\"elementor-element elementor-element-9734a1e e-con-full e-flex e-con e-child\" data-id=\"9734a1e\" data-element_type=\"container\" data-settings=\"{&quot;_ha_eqh_enable&quot;:false}\">\n\t\t\t\t<div class=\"elementor-element elementor-element-6e1b215 elementor-widget elementor-widget-heading\" data-id=\"6e1b215\" data-element_type=\"widget\" data-widget_type=\"heading.default\">\n\t\t\t\t<div class=\"elementor-widget-container\">\n\t\t\t<h2 class=\"elementor-heading-title elementor-size-medium\"><i>\"Dary duchowe dost\u0119pne s\u0105 dla ka\u017cdego. <br>\nWystarczy tylko dostroi\u0107 si\u0119 do swojej \u015awiadomo\u015bci. <br>\n<i>Tego, kim jeste\u015b prawdziwie.\"<\/i><\/i><\/h2>\t\t<\/div>\n\t\t\t\t<\/div>\n\t\t\t\t<\/div>\n\t\t\t\t\t<\/div>\n\t\t\t\t<\/div>\n\t\t<div class=\"elementor-element elementor-element-efa2400 e-flex e-con-boxed e-con e-parent\" data-id=\"efa2400\" data-element_type=\"container\" data-settings=\"{&quot;_ha_eqh_enable&quot;:false}\">\n\t\t\t\t\t<div class=\"e-con-inner\">\n\t\t\t\t<div class=\"elementor-element elementor-element-a373ec6 elementor-widget__width-auto elementor-widget elementor-widget-video\" data-id=\"a373ec6\" data-element_type=\"widget\" data-settings=\"{&quot;video_type&quot;:&quot;hosted&quot;,&quot;autoplay&quot;:&quot;yes&quot;,&quot;controls&quot;:&quot;yes&quot;}\" data-widget_type=\"video.default\">\n\t\t\t\t<div class=\"elementor-widget-container\">\n\t\t\t\t\t<div class=\"e-hosted-video elementor-wrapper elementor-open-inline\">\n\t\t\t\t\t<video class=\"elementor-video\" src=\"https:\/\/sztukapracyzenergia.pl\/wp-content\/uploads\/2023\/10\/VID_20220725_194527_120.mp4.mov.mp4\" autoplay=\"\" controls=\"\" controlsList=\"nodownload\"><\/video>\n\t\t\t\t<\/div>\n\t\t\t\t<\/div>\n\t\t\t\t<\/div>\n\t\t\t\t\t<\/div>\n\t\t\t\t<\/div>\n\t\t<div class=\"elementor-element elementor-element-440b98d e-flex e-con-boxed e-con e-parent\" data-id=\"440b98d\" data-element_type=\"container\" data-settings=\"{&quot;_ha_eqh_enable&quot;:false}\">\n\t\t\t\t\t<div class=\"e-con-inner\">\n\t\t\t\t<div class=\"elementor-element elementor-element-1e06a45 elementor-widget-divider--view-line elementor-widget elementor-widget-divider\" data-id=\"1e06a45\" data-element_type=\"widget\" data-widget_type=\"divider.default\">\n\t\t\t\t<div class=\"elementor-widget-container\">\n\t\t\t\t\t<div class=\"elementor-divider\">\n\t\t\t<span class=\"elementor-divider-separator\">\n\t\t\t\t\t\t<\/span>\n\t\t<\/div>\n\t\t\t\t<\/div>\n\t\t\t\t<\/div>\n\t\t\t\t\t<\/div>\n\t\t\t\t<\/div>\n\t\t<div class=\"elementor-element elementor-element-3686598 e-flex e-con-boxed e-con e-parent\" data-id=\"3686598\" data-element_type=\"container\" data-settings=\"{&quot;_ha_eqh_enable&quot;:false}\">\n\t\t\t\t\t<div class=\"e-con-inner\">\n\t\t<div class=\"elementor-element elementor-element-bbadfad e-con-full e-flex e-con e-child\" data-id=\"bbadfad\" data-element_type=\"container\" data-settings=\"{&quot;_ha_eqh_enable&quot;:false}\">\n\t\t\t\t<div class=\"elementor-element elementor-element-e185a96 elementor-widget elementor-widget-image\" data-id=\"e185a96\" data-element_type=\"widget\" data-widget_type=\"image.default\">\n\t\t\t\t<div class=\"elementor-widget-container\">\n\t\t\t\t\t\t\t\t\t\t\t\t\t\t<a href=\"https:\/\/sztukapracyzenergia.pl\/?page_id=61\">\n\t\t\t\t\t\t\t<img fetchpriority=\"high\" decoding=\"async\" width=\"1080\" height=\"1080\" src=\"https:\/\/sztukapracyzenergia.pl\/wp-content\/uploads\/2023\/10\/Kopia-\u2013-Kopia-SPzE-2.jpg\" class=\"attachment-full size-full wp-image-256\" alt=\"\" srcset=\"https:\/\/sztukapracyzenergia.pl\/wp-content\/uploads\/2023\/10\/Kopia-\u2013-Kopia-SPzE-2.jpg 1080w, https:\/\/sztukapracyzenergia.pl\/wp-content\/uploads\/2023\/10\/Kopia-\u2013-Kopia-SPzE-2-300x300.jpg 300w, https:\/\/sztukapracyzenergia.pl\/wp-content\/uploads\/2023\/10\/Kopia-\u2013-Kopia-SPzE-2-1024x1024.jpg 1024w, https:\/\/sztukapracyzenergia.pl\/wp-content\/uploads\/2023\/10\/Kopia-\u2013-Kopia-SPzE-2-150x150.jpg 150w, https:\/\/sztukapracyzenergia.pl\/wp-content\/uploads\/2023\/10\/Kopia-\u2013-Kopia-SPzE-2-768x768.jpg 768w\" sizes=\"(max-width: 1080px) 100vw, 1080px\" \/>\t\t\t\t\t\t\t\t<\/a>\n\t\t\t\t\t\t\t\t\t\t\t\t\t<\/div>\n\t\t\t\t<\/div>\n\t\t\t\t<\/div>\n\t\t<div class=\"elementor-element elementor-element-6295f3d e-con-full e-flex e-con e-child\" data-id=\"6295f3d\" data-element_type=\"container\" data-settings=\"{&quot;_ha_eqh_enable&quot;:false}\">\n\t\t\t\t<div class=\"elementor-element elementor-element-f684b33 elementor-widget elementor-widget-image\" data-id=\"f684b33\" data-element_type=\"widget\" data-widget_type=\"image.default\">\n\t\t\t\t<div class=\"elementor-widget-container\">\n\t\t\t\t\t\t\t\t\t\t\t\t\t\t<a href=\"https:\/\/sztukapracyzenergia.pl\/?page_id=54\">\n\t\t\t\t\t\t\t<img decoding=\"async\" width=\"1080\" height=\"1080\" src=\"https:\/\/sztukapracyzenergia.pl\/wp-content\/uploads\/2023\/10\/Kopia-\u2013-Kopia-SPzE-4.jpg\" class=\"attachment-full size-full wp-image-257\" alt=\"\" srcset=\"https:\/\/sztukapracyzenergia.pl\/wp-content\/uploads\/2023\/10\/Kopia-\u2013-Kopia-SPzE-4.jpg 1080w, https:\/\/sztukapracyzenergia.pl\/wp-content\/uploads\/2023\/10\/Kopia-\u2013-Kopia-SPzE-4-300x300.jpg 300w, https:\/\/sztukapracyzenergia.pl\/wp-content\/uploads\/2023\/10\/Kopia-\u2013-Kopia-SPzE-4-1024x1024.jpg 1024w, https:\/\/sztukapracyzenergia.pl\/wp-content\/uploads\/2023\/10\/Kopia-\u2013-Kopia-SPzE-4-150x150.jpg 150w, https:\/\/sztukapracyzenergia.pl\/wp-content\/uploads\/2023\/10\/Kopia-\u2013-Kopia-SPzE-4-768x768.jpg 768w\" sizes=\"(max-width: 1080px) 100vw, 1080px\" \/>\t\t\t\t\t\t\t\t<\/a>\n\t\t\t\t\t\t\t\t\t\t\t\t\t<\/div>\n\t\t\t\t<\/div>\n\t\t\t\t<\/div>\n\t\t<div class=\"elementor-element elementor-element-b68508d e-con-full e-flex e-con e-child\" data-id=\"b68508d\" data-element_type=\"container\" data-settings=\"{&quot;_ha_eqh_enable&quot;:false}\">\n\t\t\t\t<div class=\"elementor-element elementor-element-be9f213 elementor-widget elementor-widget-image\" data-id=\"be9f213\" data-element_type=\"widget\" data-widget_type=\"image.default\">\n\t\t\t\t<div class=\"elementor-widget-container\">\n\t\t\t\t\t\t\t\t\t\t\t\t\t\t<a href=\"https:\/\/sztukapracyzenergia.pl\/?page_id=141\">\n\t\t\t\t\t\t\t<img decoding=\"async\" width=\"1080\" height=\"1080\" src=\"https:\/\/sztukapracyzenergia.pl\/wp-content\/uploads\/2023\/10\/Kopia-\u2013-Kopia-SPzE-5.jpg\" class=\"attachment-full size-full wp-image-258\" alt=\"\" srcset=\"https:\/\/sztukapracyzenergia.pl\/wp-content\/uploads\/2023\/10\/Kopia-\u2013-Kopia-SPzE-5.jpg 1080w, https:\/\/sztukapracyzenergia.pl\/wp-content\/uploads\/2023\/10\/Kopia-\u2013-Kopia-SPzE-5-300x300.jpg 300w, https:\/\/sztukapracyzenergia.pl\/wp-content\/uploads\/2023\/10\/Kopia-\u2013-Kopia-SPzE-5-1024x1024.jpg 1024w, https:\/\/sztukapracyzenergia.pl\/wp-content\/uploads\/2023\/10\/Kopia-\u2013-Kopia-SPzE-5-150x150.jpg 150w, https:\/\/sztukapracyzenergia.pl\/wp-content\/uploads\/2023\/10\/Kopia-\u2013-Kopia-SPzE-5-768x768.jpg 768w\" sizes=\"(max-width: 1080px) 100vw, 1080px\" \/>\t\t\t\t\t\t\t\t<\/a>\n\t\t\t\t\t\t\t\t\t\t\t\t\t<\/div>\n\t\t\t\t<\/div>\n\t\t\t\t<\/div>\n\t\t<div class=\"elementor-element elementor-element-c204c22 e-con-full e-flex e-con e-child\" data-id=\"c204c22\" data-element_type=\"container\" data-settings=\"{&quot;_ha_eqh_enable&quot;:false}\">\n\t\t\t\t<div class=\"elementor-element elementor-element-e69163c elementor-widget elementor-widget-image\" data-id=\"e69163c\" data-element_type=\"widget\" data-widget_type=\"image.default\">\n\t\t\t\t<div class=\"elementor-widget-container\">\n\t\t\t\t\t\t\t\t\t\t\t\t\t\t<a href=\"https:\/\/sztukapracyzenergia.pl\/?page_id=2\">\n\t\t\t\t\t\t\t<img loading=\"lazy\" decoding=\"async\" width=\"1080\" height=\"1080\" src=\"https:\/\/sztukapracyzenergia.pl\/wp-content\/uploads\/2023\/10\/Kopia-\u2013-Kopia-SPzE-3.jpg\" class=\"attachment-full size-full wp-image-259\" alt=\"\" srcset=\"https:\/\/sztukapracyzenergia.pl\/wp-content\/uploads\/2023\/10\/Kopia-\u2013-Kopia-SPzE-3.jpg 1080w, https:\/\/sztukapracyzenergia.pl\/wp-content\/uploads\/2023\/10\/Kopia-\u2013-Kopia-SPzE-3-300x300.jpg 300w, https:\/\/sztukapracyzenergia.pl\/wp-content\/uploads\/2023\/10\/Kopia-\u2013-Kopia-SPzE-3-1024x1024.jpg 1024w, https:\/\/sztukapracyzenergia.pl\/wp-content\/uploads\/2023\/10\/Kopia-\u2013-Kopia-SPzE-3-150x150.jpg 150w, https:\/\/sztukapracyzenergia.pl\/wp-content\/uploads\/2023\/10\/Kopia-\u2013-Kopia-SPzE-3-768x768.jpg 768w\" sizes=\"(max-width: 1080px) 100vw, 1080px\" \/>\t\t\t\t\t\t\t\t<\/a>\n\t\t\t\t\t\t\t\t\t\t\t\t\t<\/div>\n\t\t\t\t<\/div>\n\t\t\t\t<\/div>\n\t\t\t\t\t<\/div>\n\t\t\t\t<\/div>\n\t\t\t\t<\/div>\n\t\t","protected":false},"excerpt":{"rendered":"<p>Facebook Youtube Instagram &#8222;Dary duchowe dost\u0119pne s\u0105 dla ka\u017cdego. Wystarczy tylko dostroi\u0107 si\u0119 do swojej \u015awiadomo\u015bci. Tego, kim jeste\u015b prawdziwie.&#8221; https:\/\/sztukapracyzenergia.pl\/wp-content\/uploads\/2023\/10\/VID_20220725_194527_120.mp4.mov.mp4<\/p>\n","protected":false},"author":1,"featured_media":0,"parent":0,"menu_order":0,"comment_status":"closed","ping_status":"closed","template":"","meta":{"footnotes":""},"_links":{"self":[{"href":"https:\/\/sztukapracyzenergia.pl\/index.php?rest_route=\/wp\/v2\/pages\/18"}],"collection":[{"href":"https:\/\/sztukapracyzenergia.pl\/index.php?rest_route=\/wp\/v2\/pages"}],"about":[{"href":"https:\/\/sztukapracyzenergia.pl\/index.php?rest_route=\/wp\/v2\/types\/page"}],"author":[{"embeddable":true,"href":"https:\/\/sztukapracyzenergia.pl\/index.php?rest_route=\/wp\/v2\/users\/1"}],"replies":[{"embeddable":true,"href":"https:\/\/sztukapracyzenergia.pl\/index.php?rest_route=%2Fwp%2Fv2%2Fcomments&post=18"}],"version-history":[{"count":61,"href":"https:\/\/sztukapracyzenergia.pl\/index.php?rest_route=\/wp\/v2\/pages\/18\/revisions"}],"predecessor-version":[{"id":364,"href":"https:\/\/sztukapracyzenergia.pl\/index.php?rest_route=\/wp\/v2\/pages\/18\/revisions\/364"}],"wp:attachment":[{"href":"https:\/\/sztukapracyzenergia.pl\/index.php?rest_route=%2Fwp%2Fv2%2Fmedia&parent=18"}],"curies":[{"name":"wp","href":"https:\/\/api.w.org\/{rel}","templated":true}]}}