{"id":2,"date":"2023-10-11T13:45:34","date_gmt":"2023-10-11T13:45:34","guid":{"rendered":"http:\/\/sztukapracyzenergia.pl\/?page_id=2"},"modified":"2024-11-03T14:36:31","modified_gmt":"2024-11-03T14:36:31","slug":"kontakt","status":"publish","type":"page","link":"https:\/\/sztukapracyzenergia.pl\/?page_id=2","title":{"rendered":"Kontakt"},"content":{"rendered":"\t\t<div data-elementor-type=\"wp-page\" data-elementor-id=\"2\" class=\"elementor elementor-2\" data-elementor-settings=\"{&quot;ha_cmc_init_switcher&quot;:&quot;no&quot;}\">\n\t\t\t\t<div class=\"elementor-element elementor-element-9adcb76 e-flex e-con-boxed e-con e-parent\" data-id=\"9adcb76\" data-element_type=\"container\" data-settings=\"{&quot;_ha_eqh_enable&quot;:false}\">\n\t\t\t\t\t<div class=\"e-con-inner\">\n\t\t\t\t<div class=\"elementor-element elementor-element-553b07a elementor-widget elementor-widget-heading\" data-id=\"553b07a\" data-element_type=\"widget\" data-widget_type=\"heading.default\">\n\t\t\t\t<div class=\"elementor-widget-container\">\n\t\t\t<h2 class=\"elementor-heading-title elementor-size-large\"><i>\"Niech strach przed zmian\u0105, nie odbierze Ci szansy na przemian\u0119\"<\/i><\/h2>\t\t<\/div>\n\t\t\t\t<\/div>\n\t\t\t\t\t<\/div>\n\t\t\t\t<\/div>\n\t\t<div class=\"elementor-element elementor-element-0d8df77 e-con-full e-flex e-con e-parent\" data-id=\"0d8df77\" data-element_type=\"container\" data-settings=\"{&quot;_ha_eqh_enable&quot;:false}\">\n\t\t<div class=\"elementor-element elementor-element-91d4087 e-con-full e-flex e-con e-child\" data-id=\"91d4087\" data-element_type=\"container\" data-settings=\"{&quot;_ha_eqh_enable&quot;:false}\">\n\t\t\t\t<div class=\"elementor-element elementor-element-80bf884 elementor-view-default elementor-widget elementor-widget-icon\" data-id=\"80bf884\" data-element_type=\"widget\" data-widget_type=\"icon.default\">\n\t\t\t\t<div class=\"elementor-widget-container\">\n\t\t\t\t\t<div class=\"elementor-icon-wrapper\">\n\t\t\t<div class=\"elementor-icon\">\n\t\t\t<i aria-hidden=\"true\" class=\"fas fa-phone-alt\"><\/i>\t\t\t<\/div>\n\t\t<\/div>\n\t\t\t\t<\/div>\n\t\t\t\t<\/div>\n\t\t\t\t<\/div>\n\t\t<div class=\"elementor-element elementor-element-d082849 e-con-full e-flex e-con e-child\" data-id=\"d082849\" data-element_type=\"container\" data-settings=\"{&quot;_ha_eqh_enable&quot;:false}\">\n\t\t\t\t<div class=\"elementor-element elementor-element-99282bf elementor-widget elementor-widget-heading\" data-id=\"99282bf\" data-element_type=\"widget\" data-widget_type=\"heading.default\">\n\t\t\t\t<div class=\"elementor-widget-container\">\n\t\t\t<h2 class=\"elementor-heading-title elementor-size-large\">+48 79 35 18881<\/h2>\t\t<\/div>\n\t\t\t\t<\/div>\n\t\t\t\t<\/div>\n\t\t\t\t<\/div>\n\t\t<div class=\"elementor-element elementor-element-58c68df e-flex e-con-boxed e-con e-parent\" data-id=\"58c68df\" data-element_type=\"container\" data-settings=\"{&quot;_ha_eqh_enable&quot;:false}\">\n\t\t\t\t\t<div class=\"e-con-inner\">\n\t\t\t\t<div class=\"elementor-element elementor-element-cbbba03 elementor-view-default elementor-widget elementor-widget-icon\" data-id=\"cbbba03\" data-element_type=\"widget\" data-widget_type=\"icon.default\">\n\t\t\t\t<div class=\"elementor-widget-container\">\n\t\t\t\t\t<div class=\"elementor-icon-wrapper\">\n\t\t\t<div class=\"elementor-icon\">\n\t\t\t<i aria-hidden=\"true\" class=\"fas fa-at\"><\/i>\t\t\t<\/div>\n\t\t<\/div>\n\t\t\t\t<\/div>\n\t\t\t\t<\/div>\n\t\t\t\t\t<\/div>\n\t\t\t\t<\/div>\n\t\t<div class=\"elementor-element elementor-element-f825c3c e-flex e-con-boxed e-con e-parent\" data-id=\"f825c3c\" data-element_type=\"container\" data-settings=\"{&quot;_ha_eqh_enable&quot;:false}\">\n\t\t\t\t\t<div class=\"e-con-inner\">\n\t\t\t\t<div class=\"elementor-element elementor-element-2ed5bef elementor-widget elementor-widget-heading\" data-id=\"2ed5bef\" data-element_type=\"widget\" data-widget_type=\"heading.default\">\n\t\t\t\t<div class=\"elementor-widget-container\">\n\t\t\t<h2 class=\"elementor-heading-title elementor-size-medium\"><b>sztukapracyzenergia@gmail.com<\/b><br><br>To adres e-mail na Wasze prywatne wiadomo\u015bci, do kt\u00f3rego mam dost\u0119p tylko ja. <br>Mo\u017cesz tutaj opisa\u0107 swoj\u0105 histori\u0119 czy zapisa\u0107 si\u0119 na sesj\u0119 indywidualn\u0105.<\/h2>\t\t<\/div>\n\t\t\t\t<\/div>\n\t\t\t\t<div class=\"elementor-element elementor-element-f0539b4 elementor-widget elementor-widget-heading\" data-id=\"f0539b4\" data-element_type=\"widget\" data-widget_type=\"heading.default\">\n\t\t\t\t<div class=\"elementor-widget-container\">\n\t\t\t<h2 class=\"elementor-heading-title elementor-size-medium\"><b>kontakt.spze@gmail.com<\/b><br><br>To adres e-mail kt\u00f3rym opiekuje si\u0119 m\u00f3j Asystent Marek. <br>Mo\u017cesz tutaj zapisa\u0107 si\u0119 na warsztaty czy otrzyma\u0107 informacje organizacyjne. <\/h2>\t\t<\/div>\n\t\t\t\t<\/div>\n\t\t\t\t\t<\/div>\n\t\t\t\t<\/div>\n\t\t<div class=\"elementor-element elementor-element-ae937bc e-flex e-con-boxed e-con e-parent\" data-id=\"ae937bc\" data-element_type=\"container\" data-settings=\"{&quot;_ha_eqh_enable&quot;:false}\">\n\t\t\t\t\t<div class=\"e-con-inner\">\n\t\t<div class=\"elementor-element elementor-element-5d2017d e-con-full e-flex e-con e-child\" data-id=\"5d2017d\" data-element_type=\"container\" data-settings=\"{&quot;_ha_eqh_enable&quot;:false}\">\n\t\t\t\t<\/div>\n\t\t<div class=\"elementor-element elementor-element-5a35ab5 e-con-full e-flex e-con e-child\" data-id=\"5a35ab5\" data-element_type=\"container\" data-settings=\"{&quot;_ha_eqh_enable&quot;:false}\">\n\t\t\t\t<\/div>\n\t\t\t\t\t<\/div>\n\t\t\t\t<\/div>\n\t\t\t\t<\/div>\n\t\t","protected":false},"excerpt":{"rendered":"<p>&#8222;Niech strach przed zmian\u0105, nie odbierze Ci szansy na przemian\u0119&#8221; +48 79 35 18881 sztukapracyzenergia@gmail.com To adres e-mail na Wasze prywatne wiadomo\u015bci, do kt\u00f3rego mam dost\u0119p tylko ja. Mo\u017cesz tutaj opisa\u0107 swoj\u0105 histori\u0119 czy zapisa\u0107 si\u0119 na sesj\u0119 indywidualn\u0105. kontakt.spze@gmail.com To adres e-mail kt\u00f3rym opiekuje si\u0119 m\u00f3j Asystent Marek. Mo\u017cesz tutaj zapisa\u0107 si\u0119 na warsztaty <a class=\"read-more\" href=\"https:\/\/sztukapracyzenergia.pl\/?page_id=2\">READ MORE<\/a><\/p>\n","protected":false},"author":1,"featured_media":0,"parent":0,"menu_order":0,"comment_status":"closed","ping_status":"closed","template":"","meta":{"footnotes":""},"_links":{"self":[{"href":"https:\/\/sztukapracyzenergia.pl\/index.php?rest_route=\/wp\/v2\/pages\/2"}],"collection":[{"href":"https:\/\/sztukapracyzenergia.pl\/index.php?rest_route=\/wp\/v2\/pages"}],"about":[{"href":"https:\/\/sztukapracyzenergia.pl\/index.php?rest_route=\/wp\/v2\/types\/page"}],"author":[{"embeddable":true,"href":"https:\/\/sztukapracyzenergia.pl\/index.php?rest_route=\/wp\/v2\/users\/1"}],"replies":[{"embeddable":true,"href":"https:\/\/sztukapracyzenergia.pl\/index.php?rest_route=%2Fwp%2Fv2%2Fcomments&post=2"}],"version-history":[{"count":56,"href":"https:\/\/sztukapracyzenergia.pl\/index.php?rest_route=\/wp\/v2\/pages\/2\/revisions"}],"predecessor-version":[{"id":1435,"href":"https:\/\/sztukapracyzenergia.pl\/index.php?rest_route=\/wp\/v2\/pages\/2\/revisions\/1435"}],"wp:attachment":[{"href":"https:\/\/sztukapracyzenergia.pl\/index.php?rest_route=%2Fwp%2Fv2%2Fmedia&parent=2"}],"curies":[{"name":"wp","href":"https:\/\/api.w.org\/{rel}","templated":true}]}}