{"id":61,"date":"2023-10-17T09:54:29","date_gmt":"2023-10-17T09:54:29","guid":{"rendered":"https:\/\/sztukapracyzenergia.pl\/?page_id=61"},"modified":"2024-11-03T14:49:27","modified_gmt":"2024-11-03T14:49:27","slug":"o-mnie","status":"publish","type":"page","link":"https:\/\/sztukapracyzenergia.pl\/?page_id=61","title":{"rendered":"O mnie"},"content":{"rendered":"\t\t<div data-elementor-type=\"wp-page\" data-elementor-id=\"61\" class=\"elementor elementor-61\" data-elementor-settings=\"{&quot;ha_cmc_init_switcher&quot;:&quot;no&quot;}\">\n\t\t\t\t<div class=\"elementor-element elementor-element-9f9e873 e-flex e-con-boxed e-con e-parent\" data-id=\"9f9e873\" data-element_type=\"container\" data-settings=\"{&quot;_ha_eqh_enable&quot;:false}\">\n\t\t\t\t\t<div class=\"e-con-inner\">\n\t\t<div class=\"elementor-element elementor-element-788763e e-con-full e-flex e-con e-child\" data-id=\"788763e\" data-element_type=\"container\" data-settings=\"{&quot;_ha_eqh_enable&quot;:false}\">\n\t\t\t\t<div class=\"elementor-element elementor-element-b2063b3 elementor-widget elementor-widget-image\" data-id=\"b2063b3\" data-element_type=\"widget\" data-widget_type=\"image.default\">\n\t\t\t\t<div class=\"elementor-widget-container\">\n\t\t\t\t\t\t\t\t\t\t\t\t\t<img fetchpriority=\"high\" decoding=\"async\" width=\"837\" height=\"832\" src=\"https:\/\/sztukapracyzenergia.pl\/wp-content\/uploads\/2023\/10\/386602172_302873979167288_7855570866568107386_n.jpg\" class=\"attachment-large size-large wp-image-48\" alt=\"\" srcset=\"https:\/\/sztukapracyzenergia.pl\/wp-content\/uploads\/2023\/10\/386602172_302873979167288_7855570866568107386_n.jpg 960w, https:\/\/sztukapracyzenergia.pl\/wp-content\/uploads\/2023\/10\/386602172_302873979167288_7855570866568107386_n-300x298.jpg 300w, https:\/\/sztukapracyzenergia.pl\/wp-content\/uploads\/2023\/10\/386602172_302873979167288_7855570866568107386_n-150x150.jpg 150w, https:\/\/sztukapracyzenergia.pl\/wp-content\/uploads\/2023\/10\/386602172_302873979167288_7855570866568107386_n-768x763.jpg 768w\" sizes=\"(max-width: 837px) 100vw, 837px\" \/>\t\t\t\t\t\t\t\t\t\t\t\t\t<\/div>\n\t\t\t\t<\/div>\n\t\t\t\t<\/div>\n\t\t<div class=\"elementor-element elementor-element-d67a826 e-con-full e-flex e-con e-child\" data-id=\"d67a826\" data-element_type=\"container\" data-settings=\"{&quot;_ha_eqh_enable&quot;:false}\">\n\t\t<div class=\"elementor-element elementor-element-a19db21 e-flex e-con-boxed e-con e-child\" data-id=\"a19db21\" data-element_type=\"container\" data-settings=\"{&quot;_ha_eqh_enable&quot;:false}\">\n\t\t\t\t\t<div class=\"e-con-inner\">\n\t\t\t\t\t<\/div>\n\t\t\t\t<\/div>\n\t\t<div class=\"elementor-element elementor-element-85eb45e e-flex e-con-boxed e-con e-child\" data-id=\"85eb45e\" data-element_type=\"container\" data-settings=\"{&quot;_ha_eqh_enable&quot;:false}\">\n\t\t\t\t\t<div class=\"e-con-inner\">\n\t\t\t\t<div class=\"elementor-element elementor-element-3b42389 elementor-widget elementor-widget-heading\" data-id=\"3b42389\" data-element_type=\"widget\" data-widget_type=\"heading.default\">\n\t\t\t\t<div class=\"elementor-widget-container\">\n\t\t\t<h2 class=\"elementor-heading-title elementor-size-xxl\"><br>Aleksandra<br>Porowska<\/h2>\t\t<\/div>\n\t\t\t\t<\/div>\n\t\t\t\t<div class=\"elementor-element elementor-element-b9964ef elementor-widget elementor-widget-heading\" data-id=\"b9964ef\" data-element_type=\"widget\" data-widget_type=\"heading.default\">\n\t\t\t\t<div class=\"elementor-widget-container\">\n\t\t\t<h2 class=\"elementor-heading-title elementor-size-xl\"><br><b>Medium<br>-<br>Jasnoczuj\u0105ca<\/b><\/h2>\t\t<\/div>\n\t\t\t\t<\/div>\n\t\t\t\t\t<\/div>\n\t\t\t\t<\/div>\n\t\t\t\t<\/div>\n\t\t\t\t\t<\/div>\n\t\t\t\t<\/div>\n\t\t<div class=\"elementor-element elementor-element-b3ea487 e-flex e-con-boxed e-con e-parent\" data-id=\"b3ea487\" data-element_type=\"container\" data-settings=\"{&quot;_ha_eqh_enable&quot;:false}\">\n\t\t\t\t\t<div class=\"e-con-inner\">\n\t\t\t\t<div class=\"elementor-element elementor-element-343425a elementor-widget elementor-widget-heading\" data-id=\"343425a\" data-element_type=\"widget\" data-widget_type=\"heading.default\">\n\t\t\t\t<div class=\"elementor-widget-container\">\n\t\t\t<h2 class=\"elementor-heading-title elementor-size-large\">\u015awiadom\u0105 podr\u00f3\u017c po \u015bwiecie energii rozpocz\u0119\u0142am w 2013 roku, jednak\u017ce dar postrzegania pozazmys\u0142owego przejawia\u0142 si\u0119 u mnie od najm\u0142odszych lat \u2013 poprzez wizje, sny prorocze i wspomnienia z innych wciele\u0144. <br><br>Poprzez prowadzenie Wy\u017cszej Ja\u017ani (\u015awiadomo\u015bci) fizycznie czuj\u0119 energi\u0119, potrafi\u0105c nakierowa\u0107 j\u0105 na harmonijne tory i otrzymuj\u0119 informacje, jak uzdrowi\u0107 dan\u0105 osob\u0119.\nZajmuj\u0119 si\u0119 r\u00f3wnie\u017c odprowadzaniem dusz i oczyszczaniem przestrzeni.<br><br>Jestem certyfikowan\u0105 instruktork\u0105 Hatha, Ashtanga i Yin Jogi z elementami ajurwedy. <br><br>W marcu 2024 roku odby\u0142am inicjacj\u0119 Kriya Yogi u Swamiego Nityanandy Giri w Rishikesh, Indie. Kilka miesi\u0119cy wcze\u015bniej, kurs Mindfulness i Podstaw Hipnozy.<br><br>\n\n\u0141\u0105cz\u0105c praktyk\u0119 hatha, yin jogi, \u0107wiczenia d\u0142ugowieczno\u015bci w Shri Ved Niketan Dham Rishikesh w Indiach, rytua\u0142y tybeta\u0144skie oraz techniki samouzdrawiania poprzez ca\u0142kowity relaks i wizualizacj\u0119, stworzy\u0142am autorski program pracy z cia\u0142em \"Soul ReNew Method\".<br>\n<br>\nNa uczelniach wy\u017cszych uko\u0144czy\u0142am Pedagogik\u0119 Kultury i Medi\u00f3w oraz podyplomowo \"Coaching z elementami psychologii\".<br>W szko\u0142ach artystycznych: Animacj\u0119 Kultury Teatru we Wroc\u0142awskiej \u201eSkibie\u201d oraz aktorstwo filmowe w AMA Film Academy w Krakowie. \n<br><br>\nW swojej pracy warsztatowej stawiam na odkrywanie przygaszonego potencja\u0142u i talentu uczestnika \u2013 tego ziemskiego i duchowego poprzez sztuk\u0119, prac\u0119 z energi\u0105 i zabaw\u0119.<br><br>W my\u015bl zasady \"wszystko jest we mnie\".<br><\/h2>\t\t<\/div>\n\t\t\t\t<\/div>\n\t\t\t\t\t<\/div>\n\t\t\t\t<\/div>\n\t\t\t\t<\/div>\n\t\t","protected":false},"excerpt":{"rendered":"<p>AleksandraPorowska Medium&#8211;Jasnoczuj\u0105ca \u015awiadom\u0105 podr\u00f3\u017c po \u015bwiecie energii rozpocz\u0119\u0142am w 2013 roku, jednak\u017ce dar postrzegania pozazmys\u0142owego przejawia\u0142 si\u0119 u mnie od najm\u0142odszych lat \u2013 poprzez wizje, sny prorocze i wspomnienia z innych wciele\u0144. Poprzez prowadzenie Wy\u017cszej Ja\u017ani (\u015awiadomo\u015bci) fizycznie czuj\u0119 energi\u0119, potrafi\u0105c nakierowa\u0107 j\u0105 na harmonijne tory i otrzymuj\u0119 informacje, jak uzdrowi\u0107 dan\u0105 osob\u0119. Zajmuj\u0119 si\u0119 <a class=\"read-more\" href=\"https:\/\/sztukapracyzenergia.pl\/?page_id=61\">READ MORE<\/a><\/p>\n","protected":false},"author":1,"featured_media":0,"parent":0,"menu_order":0,"comment_status":"closed","ping_status":"closed","template":"","meta":{"footnotes":""},"_links":{"self":[{"href":"https:\/\/sztukapracyzenergia.pl\/index.php?rest_route=\/wp\/v2\/pages\/61"}],"collection":[{"href":"https:\/\/sztukapracyzenergia.pl\/index.php?rest_route=\/wp\/v2\/pages"}],"about":[{"href":"https:\/\/sztukapracyzenergia.pl\/index.php?rest_route=\/wp\/v2\/types\/page"}],"author":[{"embeddable":true,"href":"https:\/\/sztukapracyzenergia.pl\/index.php?rest_route=\/wp\/v2\/users\/1"}],"replies":[{"embeddable":true,"href":"https:\/\/sztukapracyzenergia.pl\/index.php?rest_route=%2Fwp%2Fv2%2Fcomments&post=61"}],"version-history":[{"count":50,"href":"https:\/\/sztukapracyzenergia.pl\/index.php?rest_route=\/wp\/v2\/pages\/61\/revisions"}],"predecessor-version":[{"id":1455,"href":"https:\/\/sztukapracyzenergia.pl\/index.php?rest_route=\/wp\/v2\/pages\/61\/revisions\/1455"}],"wp:attachment":[{"href":"https:\/\/sztukapracyzenergia.pl\/index.php?rest_route=%2Fwp%2Fv2%2Fmedia&parent=61"}],"curies":[{"name":"wp","href":"https:\/\/api.w.org\/{rel}","templated":true}]}}